{"id":80,"date":"2014-08-27T13:21:52","date_gmt":"2014-08-27T11:21:52","guid":{"rendered":"http:\/\/strokeforening.se\/?page_id=80"},"modified":"2014-12-19T00:21:09","modified_gmt":"2014-12-18T23:21:09","slug":"testamente","status":"publish","type":"page","link":"https:\/\/strokeforening.se\/?page_id=80","title":{"rendered":"Testamente"},"content":{"rendered":"<h1 class=\"pagetitle\">Testamente<\/h1>\n<p><img decoding=\"async\" loading=\"lazy\" class=\"alignnone aligncenter\" title=\"Vinterbild\" src=\"https:\/\/strokeforening.se\/bild\/vinter.jpg\" alt=\"\" width=\"554\" height=\"415\" \/><\/p>\n<p style=\"text-align: left;\">F\u00f6r att det ska g\u00e4lla m\u00e5ste ditt testamente vara egenh\u00e4ndigt undertecknat av dig och skriftligen bevittnat av tv\u00e5 personer som b\u00e5da \u00e4r med n\u00e4r du skriver under. Dessa personer f\u00e5r inte vara sl\u00e4kt med dig eller p\u00e5 annat s\u00e4tt omfattas av testamentet.<\/p>\n<hr \/>\n<p>Klicka p\u00e5 den h\u00e4r ikonen f\u00f6r att h\u00e4mta ut mallen: <a title=\"Mall till testamente\" href=\"https:\/\/strokeforening.se\/bild\/testamente.pdf\" target=\"_blank\"><img decoding=\"async\" loading=\"lazy\" src=\"https:\/\/strokeforening.se\/bild\/pdfikon.gif\" alt=\"\" width=\"32\" height=\"32\" border=\"0\" \/><\/a><\/p>\n<p>F\u00f6r att kunna l\u00e4sa PDF-filen m\u00e5ste man ha programmet Adobe Reader. Klicka p\u00e5 den h\u00e4r ikonen f\u00f6r att ladda ned Adobe Reader gratis om du saknar det: <a title=\"Get free Adobe Reader!\" href=\"http:\/\/www.adobe.com\/products\/acrobat\/readstep2.html\" target=\"_blank\"><img decoding=\"async\" loading=\"lazy\" src=\"https:\/\/strokeforening.se\/bild\/getacro.gif\" alt=\"Get free Adobe Reader!\" width=\"88\" height=\"31\" border=\"0\" \/><\/a><\/p>\n<hr \/>\n<p><strong>Kontakta din bank, en advokat, en begravningsbyr\u00e5 eller annan sakkunnig f\u00f6r att f\u00e5 hj\u00e4lp med att uppr\u00e4tta ett korrekt testamente.<\/strong><\/p>\n","protected":false},"excerpt":{"rendered":"<p>Testamente F\u00f6r att det ska g\u00e4lla m\u00e5ste ditt testamente vara egenh\u00e4ndigt undertecknat av dig och skriftligen bevittnat av tv\u00e5 personer som b\u00e5da \u00e4r med n\u00e4r du skriver under. Dessa personer f\u00e5r inte vara sl\u00e4kt med dig eller p\u00e5 annat s\u00e4tt omfattas av testamentet. Klicka p\u00e5 den h\u00e4r ikonen f\u00f6r att h\u00e4mta ut mallen: F\u00f6r att [&hellip;]<\/p>\n","protected":false},"author":1,"featured_media":0,"parent":72,"menu_order":4,"comment_status":"closed","ping_status":"open","template":"","meta":[],"_links":{"self":[{"href":"https:\/\/strokeforening.se\/index.php?rest_route=\/wp\/v2\/pages\/80"}],"collection":[{"href":"https:\/\/strokeforening.se\/index.php?rest_route=\/wp\/v2\/pages"}],"about":[{"href":"https:\/\/strokeforening.se\/index.php?rest_route=\/wp\/v2\/types\/page"}],"author":[{"embeddable":true,"href":"https:\/\/strokeforening.se\/index.php?rest_route=\/wp\/v2\/users\/1"}],"replies":[{"embeddable":true,"href":"https:\/\/strokeforening.se\/index.php?rest_route=%2Fwp%2Fv2%2Fcomments&post=80"}],"version-history":[{"count":3,"href":"https:\/\/strokeforening.se\/index.php?rest_route=\/wp\/v2\/pages\/80\/revisions"}],"predecessor-version":[{"id":127,"href":"https:\/\/strokeforening.se\/index.php?rest_route=\/wp\/v2\/pages\/80\/revisions\/127"}],"up":[{"embeddable":true,"href":"https:\/\/strokeforening.se\/index.php?rest_route=\/wp\/v2\/pages\/72"}],"wp:attachment":[{"href":"https:\/\/strokeforening.se\/index.php?rest_route=%2Fwp%2Fv2%2Fmedia&parent=80"}],"curies":[{"name":"wp","href":"https:\/\/api.w.org\/{rel}","templated":true}]}}