{"id":76,"date":"2014-08-27T13:20:50","date_gmt":"2014-08-27T11:20:50","guid":{"rendered":"http:\/\/strokeforening.se\/?page_id=76"},"modified":"2014-12-19T00:12:32","modified_gmt":"2014-12-18T23:12:32","slug":"hogtidsgava","status":"publish","type":"page","link":"https:\/\/strokeforening.se\/?page_id=76","title":{"rendered":"H\u00f6gtidsg\u00e5va"},"content":{"rendered":"<h1 class=\"pagetitle\">H\u00f6gtidsg\u00e5va<\/h1>\n<div class=\"textcontent\">\n<p><img decoding=\"async\" loading=\"lazy\" class=\"alignnone aligncenter\" title=\"Sommarbild\" src=\"https:\/\/strokeforening.se\/bild\/sommar.jpg\" alt=\"\" width=\"554\" height=\"416\" \/><\/p>\n<p>&nbsp;<\/p>\n<p>\n\n<!-- Fast Secure Contact Form plugin 4.0.30 - begin - FastSecureContactForm.com -->\r\n<div style=\"clear:both;\"><\/div>\n<p>Fyll i uppgifterna nedan om du vill ge en h\u00f6gtidsg\u00e5va.<\/p>\r\n<div id=\"FSContact4\" style=\"width:99%; max-width:555px;\">\r\n<form action=\"https:\/\/strokeforening.se\/index.php?rest_route=%2Fwp%2Fv2%2Fpages%2F76#FSContact4\" id=\"fscf_form4\" method=\"post\">\r\n\n<div id=\"fscf_required4\">\n  <span style=\"text-align:left;\">*<\/span> <span style=\"text-align:left;\">obligatorisk uppgift<\/span>\n<\/div>\n\n\n<div id=\"fscf_div_clear4_4\" style=\"clear:both;\">\n  <div id=\"fscf_div_field4_4\" style=\"clear:left; float:left; width:99%; max-width:550px; margin-right:10px;\">\n\n    <div style=\"clear:both;\"><\/div>\n<p>&nbsp;<\/p>\r\n<p>JUBILARENS UPPGIFTER:<\/p>\n\n    <div  id=\"fscf_label4_4\" style=\"text-align:left; padding-top:5px;\">\r\n      <label style=\"text-align:left;\" for=\"fscf_field4_4\">Jubilarens namn<span style=\"text-align:left;\">*<\/span><\/label>\n    <\/div>\n    <div style=\"text-align:left;\">\n      <input style=\"text-align:left; margin:0; width:99%; max-width:250px;\" type=\"text\" id=\"fscf_field4_4\" name=\"jubilarens-namn\" value=\"\"  \/>\n    <\/div>\n  <\/div>\n<\/div>\n\n<div id=\"fscf_div_clear4_5\" style=\"clear:both;\">\n  <div id=\"fscf_div_field4_5\" style=\"clear:left; float:left; width:99%; max-width:550px; margin-right:10px;\">\n    <div  id=\"fscf_label4_5\" style=\"text-align:left; padding-top:5px;\">\r\n      <label style=\"text-align:left;\" for=\"fscf_field4_5\">Jubilarens gatuadress<span style=\"text-align:left;\">*<\/span><\/label>\n    <\/div>\n    <div style=\"text-align:left;\">\n      <input style=\"text-align:left; margin:0; width:99%; max-width:250px;\" type=\"text\" id=\"fscf_field4_5\" name=\"jubilarens-gatuadress\" value=\"\"  \/>\n    <\/div>\n  <\/div>\n<\/div>\n\n<div id=\"fscf_div_clear4_6\" style=\"clear:both;\">\n  <div id=\"fscf_div_field4_6\" style=\"clear:left; float:left; width:99%; max-width:550px; margin-right:10px;\">\n    <div  id=\"fscf_label4_6\" style=\"text-align:left; padding-top:5px;\">\r\n      <label style=\"text-align:left;\" for=\"fscf_field4_6\">Jubilarens postnummer<span style=\"text-align:left;\">*<\/span><\/label>\n    <\/div>\n    <div style=\"text-align:left;\">\n      <input style=\"text-align:left; margin:0; width:99%; max-width:250px;\" type=\"text\" id=\"fscf_field4_6\" name=\"jubilarens-postnummer\" value=\"\"  maxlength=\"5\" \/>\n    <\/div>\n  <\/div>\n<\/div>\n\n<div id=\"fscf_div_clear4_7\" style=\"clear:both;\">\n  <div id=\"fscf_div_field4_7\" style=\"clear:left; float:left; width:99%; max-width:550px; margin-right:10px;\">\n    <div  id=\"fscf_label4_7\" style=\"text-align:left; padding-top:5px;\">\r\n      <label style=\"text-align:left;\" for=\"fscf_field4_7\">Jubilarens postort<span style=\"text-align:left;\">*<\/span><\/label>\n    <\/div>\n    <div style=\"text-align:left;\">\n      <input style=\"text-align:left; margin:0; width:99%; max-width:250px;\" type=\"text\" id=\"fscf_field4_7\" name=\"jubilarens-postort\" value=\"\"  \/>\n    <\/div>\n  <\/div>\n<\/div>\n\n<div id=\"fscf_div_clear4_8\" style=\"clear:both;\">\n  <div id=\"fscf_div_field4_8\" style=\"clear:left; float:left; width:99%; max-width:550px; margin-right:10px;\">\n    <div  id=\"fscf_label4_8\" style=\"text-align:left; padding-top:5px;\">\r\n      <label style=\"text-align:left;\" for=\"fscf_field4_8\">Jubilarens telefonnummer<\/label>\n    <\/div>\n    <div style=\"text-align:left;\">\n      <input style=\"text-align:left; margin:0; width:99%; max-width:250px;\" type=\"text\" id=\"fscf_field4_8\" name=\"jubilarens-telefonnummer\" value=\"\"  \/>\n    <\/div>\n  <\/div>\n<\/div>\n\n<div id=\"fscf_div_clear4_3\" style=\"clear:both;\">\n  <div id=\"fscf_div_field4_3\" style=\"clear:left; float:left; width:99%; max-width:550px; margin-right:10px;\">\n    <div style=\"text-align:left; padding-top:5px;\">\n      <label style=\"text-align:left;\" for=\"fscf_field4_3\">Personlig h\u00e4lsning<span style=\"text-align:left;\">*<\/span><\/label>\n    <\/div>\n    <div style=\"text-align:left;\">\n      <textarea style=\"text-align:left; margin:0; width:99%; max-width:250px; height:120px;\" id=\"fscf_field4_3\" name=\"message\" cols=\"30\" rows=\"10\" ><\/textarea>\n    <\/div>\n  <\/div>\n<\/div>\n\n<div id=\"fscf_div_clear4_0\" style=\"clear:both;\">\n  <div id=\"fscf_div_field4_0\" style=\"clear:left; float:left; width:99%; max-width:550px; margin-right:10px;\">\n\n    <div style=\"clear:both;\"><\/div>\n<p>&nbsp;<\/p>\r\n<p>GIVARENS UPPGIFTER:<\/p>\n\r\n    <div style=\"text-align:left; padding-top:5px;\">\n      <label style=\"text-align:left;\" for=\"fscf_name4\">Namn<span style=\"text-align:left;\">*<\/span><\/label>\n    <\/div>\r\n    <div style=\"text-align:left;\">\r\n      <input style=\"text-align:left; margin:0; width:99%; max-width:250px;\" type=\"text\" id=\"fscf_name4\" name=\"full_name\" value=\"\"  \/>\r\n    <\/div>\r\n  <\/div>\n<\/div>\n\n<div id=\"fscf_div_clear4_1\" style=\"clear:both;\">\n  <div id=\"fscf_div_field4_1\" style=\"clear:left; float:left; width:99%; max-width:550px; margin-right:10px;\">\n    <div style=\"text-align:left; padding-top:5px;\">\n      <label style=\"text-align:left;\" for=\"fscf_email4\">E-post<\/label>\n    <\/div>\n    <div style=\"text-align:left;\">\n      <input style=\"text-align:left; margin:0; width:99%; max-width:250px;\" type=\"text\" id=\"fscf_email4\" name=\"email\" value=\"\"  \/>\n    <\/div>\n  <\/div>\n<\/div>\n\n<div id=\"fscf_div_clear4_10\" style=\"clear:both;\">\n  <div id=\"fscf_div_field4_10\" style=\"clear:left; float:left; width:99%; max-width:550px; margin-right:10px;\">\n    <div  id=\"fscf_label4_10\" style=\"text-align:left; padding-top:5px;\">\r\n      <label style=\"text-align:left;\" for=\"fscf_field4_10\">Gatuadress<span style=\"text-align:left;\">*<\/span><\/label>\n    <\/div>\n    <div style=\"text-align:left;\">\n      <input style=\"text-align:left; margin:0; width:99%; max-width:250px;\" type=\"text\" id=\"fscf_field4_10\" name=\"gatuadress\" value=\"\"  \/>\n    <\/div>\n  <\/div>\n<\/div>\n\n<div id=\"fscf_div_clear4_11\" style=\"clear:both;\">\n  <div id=\"fscf_div_field4_11\" style=\"clear:left; float:left; width:99%; max-width:550px; margin-right:10px;\">\n    <div  id=\"fscf_label4_11\" style=\"text-align:left; padding-top:5px;\">\r\n      <label style=\"text-align:left;\" for=\"fscf_field4_11\">Postnummer<span style=\"text-align:left;\">*<\/span><\/label>\n    <\/div>\n    <div style=\"text-align:left;\">\n      <input style=\"text-align:left; margin:0; width:99%; max-width:250px;\" type=\"text\" id=\"fscf_field4_11\" name=\"postnummer\" value=\"\"  maxlength=\"5\" \/>\n    <\/div>\n  <\/div>\n<\/div>\n\n<div id=\"fscf_div_clear4_12\" style=\"clear:both;\">\n  <div id=\"fscf_div_field4_12\" style=\"clear:left; float:left; width:99%; max-width:550px; margin-right:10px;\">\n    <div  id=\"fscf_label4_12\" style=\"text-align:left; padding-top:5px;\">\r\n      <label style=\"text-align:left;\" for=\"fscf_field4_12\">Postort<span style=\"text-align:left;\">*<\/span><\/label>\n    <\/div>\n    <div style=\"text-align:left;\">\n      <input style=\"text-align:left; margin:0; width:99%; max-width:250px;\" type=\"text\" id=\"fscf_field4_12\" name=\"postort\" value=\"\"  \/>\n    <\/div>\n  <\/div>\n<\/div>\n\n<div id=\"fscf_div_clear4_13\" style=\"clear:both;\">\n  <div id=\"fscf_div_field4_13\" style=\"clear:left; float:left; width:99%; max-width:550px; margin-right:10px;\">\n    <div  id=\"fscf_label4_13\" style=\"text-align:left; padding-top:5px;\">\r\n      <label style=\"text-align:left;\" for=\"fscf_field4_13\">Telefonnummer<span style=\"text-align:left;\">*<\/span><\/label>\n    <\/div>\n    <div style=\"text-align:left;\">\n      <input style=\"text-align:left; margin:0; width:99%; max-width:250px;\" type=\"text\" id=\"fscf_field4_13\" name=\"telefonnummer\" value=\"\"  \/>\n    <\/div>\n  <\/div>\n<\/div>\n\n<div id=\"fscf_div_clear4_14\" style=\"clear:both;\">\n  <div id=\"fscf_div_field4_14\" style=\"clear:left; float:left; width:99%; max-width:550px; margin-right:10px;\">\n\n    <div style=\"clear:both;\"><\/div>\n<p>&nbsp;<\/p>\r\n<p>BETALNINGSALTERNATIV:<\/p>\n\n    <div  id=\"fscf_label4_14\" style=\"text-align:left; padding-top:5px;\">\n    <\/div>\n    <div style=\"text-align:left;\">\n      <span><input type=\"checkbox\" style=\"width:13px;\" id=\"fscf_field4_14\" name=\"jag-betalar-via-internet-eller-med-eget\" value=\"1\" \/> <label style=\"display:inline;\" for=\"fscf_field4_14\">Jag betalar via Internet eller med eget inbetalningskort till Skellefte\u00e5s Strokef\u00f6renings plusgiro 33 68 92-5<\/label><\/span>\n    <\/div>\n  <\/div>\n<\/div>\n\n<div id=\"fscf_div_clear4_15\" style=\"clear:both;\">\n  <div id=\"fscf_div_field4_15\" style=\"clear:left; float:left; width:99%; max-width:550px; margin-right:10px;\">\n    <div  id=\"fscf_label4_15\" style=\"text-align:left; padding-top:5px;\">\n    <\/div>\n    <div style=\"text-align:left;\">\n      <span><input type=\"checkbox\" style=\"width:13px;\" id=\"fscf_field4_15\" name=\"skicka-ett-inbetalningskort-till-mig\" value=\"1\" \/> <label style=\"display:inline;\" for=\"fscf_field4_15\">Skicka ett inbetalningskort till mig<\/label><\/span>\n    <\/div>\n\n    <div style=\"clear:both;\"><\/div>\n<p>&nbsp;<\/p>\n\n  <\/div>\n<\/div>\r\n<div style=\"clear:both;\"><\/div>\n\n<div style=\"text-align:left; padding-top:5px;\">\n<\/div>\n<div id=\"fscf_captcha_image_div4\" style=\"width:250px; height:65px; padding-top:2px;\">\n      <img id=\"fscf_captcha_image4\" style=\"border-style:none; margin:0; padding:0px; padding-right:5px; float:left;\" src=\"https:\/\/strokeforening.se\/wp-content\/plugins\/si-contact-form\/captcha\/securimage_show.php?prefix=mD9xwL3ikCy7Dpne\" width=\"175\" height=\"60\" alt=\"CAPTCHA Bild\" title=\"CAPTCHA Bild\" \/>\n      <input id=\"fscf_captcha_prefix4\" type=\"hidden\" name=\"fscf_captcha_prefix4\" value=\"mD9xwL3ikCy7Dpne\" \/>\n     <div id=\"fscf_captcha_refresh4\">\n        <a href=\"#\" rel=\"nofollow\" title=\"Uppdatera Bild\" onclick=\"fscf_captcha_refresh('4','\/wp-content\/plugins\/si-contact-form\/captcha','https:\/\/strokeforening.se\/wp-content\/plugins\/si-contact-form\/captcha\/securimage_show.php?prefix='); return false;\">\n        <img src=\"https:\/\/strokeforening.se\/wp-content\/plugins\/si-contact-form\/captcha\/images\/refresh.png\" width=\"22\" height=\"20\" alt=\"Uppdatera Bild\" style=\"border-style:none; margin:0; padding:0px; vertical-align:bottom;\" onclick=\"this.blur();\" \/><\/a>\r\n     <\/div>\r\n<\/div>\r\n\r\n<div id=\"fscf_captcha_field4\" style=\"text-align:left; padding-top:5px;\">\r\n     <label style=\"text-align:left;\" for=\"fscf_captcha_code4\">CAPTCHA kod<span style=\"text-align:left;\">*<\/span><\/label>\r\n<\/div>\r\n<div style=\"text-align:left;\">\n     <input style=\"text-align:left; margin:0; width:50px;\" type=\"text\" value=\"\" id=\"fscf_captcha_code4\" name=\"captcha_code\"  \/>\n<\/div>\n\n<div id=\"fscf_submit_div4\" style=\"text-align:left; clear:both; padding-top:15px;\">\r\n\t\t<input type=\"submit\" id=\"fscf_submit4\" style=\"cursor:pointer; margin:0;\" value=\"Skicka\"  onclick=\"this.disabled=true; this.value='Submitting...'; this.form.submit();\" \/> \n<\/div>\n\n<input type=\"hidden\" name=\"fscf_submitted\" value=\"0\" \/>\n<input type=\"hidden\" name=\"fs_postonce_4\" value=\"803d768695397659fadbc5bdeb06d2f1,1777462567\" \/>\n<input type=\"hidden\" name=\"si_contact_action\" value=\"send\" \/>\n<input type=\"hidden\" name=\"form_id\" value=\"4\" \/>\n<input type=\"hidden\" name=\"mailto_id\" value=\"1\" \/>\n\n<\/form>\n<\/div>\r\n<div style=\"clear:both;\"><\/div>\n\n<!-- Fast Secure Contact Form plugin 4.0.30 - end - FastSecureContactForm.com -->\n<br \/>\nGenom att kryssa i att du betalar via internet eller eget inbetalningskort hj\u00e4lper du oss att h\u00e5lla kostnaderna nere. P\u00e5 s\u00e5 s\u00e4tt g\u00e5r st\u00f6rre andel av din g\u00e5va till r\u00e4tt \u00e4ndam\u00e5l.Var v\u00e4nlig skriv \u201dSkellefte\u00e5 strokef\u00f6renings webb\u201d samt jubilarens namn som referens.<\/p>\n<p>Skellefte\u00e5s Strokef\u00f6renings plusgiro <strong>33 68 92-5<\/strong><\/p>\n<\/div>\n","protected":false},"excerpt":{"rendered":"<p>H\u00f6gtidsg\u00e5va &nbsp; Genom att kryssa i att du betalar via internet eller eget inbetalningskort hj\u00e4lper du oss att h\u00e5lla kostnaderna nere. P\u00e5 s\u00e5 s\u00e4tt g\u00e5r st\u00f6rre andel av din g\u00e5va till r\u00e4tt \u00e4ndam\u00e5l.Var v\u00e4nlig skriv \u201dSkellefte\u00e5 strokef\u00f6renings webb\u201d samt jubilarens namn som referens. Skellefte\u00e5s Strokef\u00f6renings plusgiro 33 68 92-5<\/p>\n","protected":false},"author":1,"featured_media":0,"parent":72,"menu_order":2,"comment_status":"closed","ping_status":"open","template":"","meta":[],"_links":{"self":[{"href":"https:\/\/strokeforening.se\/index.php?rest_route=\/wp\/v2\/pages\/76"}],"collection":[{"href":"https:\/\/strokeforening.se\/index.php?rest_route=\/wp\/v2\/pages"}],"about":[{"href":"https:\/\/strokeforening.se\/index.php?rest_route=\/wp\/v2\/types\/page"}],"author":[{"embeddable":true,"href":"https:\/\/strokeforening.se\/index.php?rest_route=\/wp\/v2\/users\/1"}],"replies":[{"embeddable":true,"href":"https:\/\/strokeforening.se\/index.php?rest_route=%2Fwp%2Fv2%2Fcomments&post=76"}],"version-history":[{"count":3,"href":"https:\/\/strokeforening.se\/index.php?rest_route=\/wp\/v2\/pages\/76\/revisions"}],"predecessor-version":[{"id":122,"href":"https:\/\/strokeforening.se\/index.php?rest_route=\/wp\/v2\/pages\/76\/revisions\/122"}],"up":[{"embeddable":true,"href":"https:\/\/strokeforening.se\/index.php?rest_route=\/wp\/v2\/pages\/72"}],"wp:attachment":[{"href":"https:\/\/strokeforening.se\/index.php?rest_route=%2Fwp%2Fv2%2Fmedia&parent=76"}],"curies":[{"name":"wp","href":"https:\/\/api.w.org\/{rel}","templated":true}]}}