{"id":74,"date":"2014-08-27T13:20:14","date_gmt":"2014-08-27T11:20:14","guid":{"rendered":"http:\/\/strokeforening.se\/?page_id=74"},"modified":"2014-12-19T00:12:02","modified_gmt":"2014-12-18T23:12:02","slug":"minnesgava","status":"publish","type":"page","link":"https:\/\/strokeforening.se\/?page_id=74","title":{"rendered":"Minnesg\u00e5va"},"content":{"rendered":"<h1 class=\"pagetitle\">Minnesg\u00e5va<\/h1>\n<div class=\"textcontent\">\n<p><img decoding=\"async\" loading=\"lazy\" class=\"alignnone aligncenter\" title=\"Naturbild\" src=\"https:\/\/strokeforening.se\/bild\/var.jpg\" alt=\"\" width=\"554\" height=\"416\" \/><\/p>\n<p>&nbsp;<\/p>\n<p>\n\n<!-- Fast Secure Contact Form plugin 4.0.30 - begin - FastSecureContactForm.com -->\r\n<div style=\"clear:both;\"><\/div>\n<p>Fyll i uppgifterna nedan om du vill ge en minnesg\u00e5va.<\/p>\r\n<div id=\"FSContact3\" style=\"width:99%; max-width:555px;\">\r\n<form action=\"https:\/\/strokeforening.se\/index.php?rest_route=%2Fwp%2Fv2%2Fpages%2F74#FSContact3\" id=\"fscf_form3\" method=\"post\">\r\n\n<div id=\"fscf_required3\">\n  <span style=\"text-align:left;\">*<\/span> <span style=\"text-align:left;\">obligatorisk uppgift<\/span>\n<\/div>\n\n\n<div id=\"fscf_div_clear3_4\" style=\"clear:both;\">\n  <div id=\"fscf_div_field3_4\" style=\"clear:left; float:left; width:99%; max-width:550px; margin-right:10px;\">\n\n    <div style=\"clear:both;\"><\/div>\n<p>&nbsp;<\/p><p>TILL MINNE AV:<\/p>\n\n    <div  id=\"fscf_label3_4\" style=\"text-align:left; padding-top:5px;\">\r\n      <label style=\"text-align:left;\" for=\"fscf_field3_4\">Den avlidnes namn<span style=\"text-align:left;\">*<\/span><\/label>\n    <\/div>\n    <div style=\"text-align:left;\">\n      <input style=\"text-align:left; margin:0; width:99%; max-width:250px;\" type=\"text\" id=\"fscf_field3_4\" name=\"den-avlidnes-namn\" value=\"\"  \/>\n    <\/div>\n  <\/div>\n<\/div>\n\n<div id=\"fscf_div_clear3_5\" style=\"clear:both;\">\n  <div id=\"fscf_div_field3_5\" style=\"clear:left; float:left; width:99%; max-width:550px; margin-right:10px;\">\n    <div  id=\"fscf_label3_5\" style=\"text-align:left; padding-top:5px;\">\r\n      <label style=\"text-align:left;\" for=\"fscf_field3_5\">Datum f\u00f6r begravning<span style=\"text-align:left;\">*<\/span><\/label>\n    <\/div>\n    <div style=\"text-align:left;\">\n      <input style=\"text-align:left; margin:0; width:99%; max-width:250px;\" type=\"text\" id=\"fscf_field3_5\" name=\"datum-for-begravning\" value=\"\"  \/>\n    <\/div>\n  <\/div>\n<\/div>\n\n<div id=\"fscf_div_clear3_6\" style=\"clear:both;\">\n  <div id=\"fscf_div_field3_6\" style=\"clear:left; float:left; width:99%; max-width:550px; margin-right:10px;\">\n\n    <div style=\"clear:both;\"><\/div>\n<p>&nbsp;<\/p>\r\n<p>MINNESBLAD SKA SKICKAS TILL:<\/p>\n\n    <div  id=\"fscf_label3_6\" style=\"text-align:left; padding-top:5px;\">\r\n      <label style=\"text-align:left;\" for=\"fscf_field3_6\">Begravningsbyr\u00e5 eller anh\u00f6rigs namn<span style=\"text-align:left;\">*<\/span><\/label>\n    <\/div>\n    <div style=\"text-align:left;\">\n      <input style=\"text-align:left; margin:0; width:99%; max-width:250px;\" type=\"text\" id=\"fscf_field3_6\" name=\"begravningsbyra-eller-anhorigs-namn\" value=\"\"  \/>\n    <\/div>\n  <\/div>\n<\/div>\n\n<div id=\"fscf_div_clear3_7\" style=\"clear:both;\">\n  <div id=\"fscf_div_field3_7\" style=\"clear:left; float:left; width:99%; max-width:550px; margin-right:10px;\">\n    <div  id=\"fscf_label3_7\" style=\"text-align:left; padding-top:5px;\">\r\n      <label style=\"text-align:left;\" for=\"fscf_field3_7\">Byr\u00e5ns\/anh\u00f6rigs gatuadress<span style=\"text-align:left;\">*<\/span><\/label>\n    <\/div>\n    <div style=\"text-align:left;\">\n      <input style=\"text-align:left; margin:0; width:99%; max-width:250px;\" type=\"text\" id=\"fscf_field3_7\" name=\"begravningsbyra-eller-anhorigs-gatuadres\" value=\"\"  \/>\n    <\/div>\n  <\/div>\n<\/div>\n\n<div id=\"fscf_div_clear3_8\" style=\"clear:both;\">\n  <div id=\"fscf_div_field3_8\" style=\"clear:left; float:left; width:99%; max-width:550px; margin-right:10px;\">\n    <div  id=\"fscf_label3_8\" style=\"text-align:left; padding-top:5px;\">\r\n      <label style=\"text-align:left;\" for=\"fscf_field3_8\">Byr\u00e5ns\/anh\u00f6rigs postnummer:<span style=\"text-align:left;\">*<\/span><\/label>\n    <\/div>\n    <div style=\"text-align:left;\">\n      <input style=\"text-align:left; margin:0; width:99%; max-width:250px;\" type=\"text\" id=\"fscf_field3_8\" name=\"begravningsbyra-eller-anhorigs-postnumme\" value=\"\"  maxlength=\"5\" \/>\n    <\/div>\n  <\/div>\n<\/div>\n\n<div id=\"fscf_div_clear3_9\" style=\"clear:both;\">\n  <div id=\"fscf_div_field3_9\" style=\"clear:left; float:left; width:99%; max-width:550px; margin-right:10px;\">\n    <div  id=\"fscf_label3_9\" style=\"text-align:left; padding-top:5px;\">\r\n      <label style=\"text-align:left;\" for=\"fscf_field3_9\">Byr\u00e5ns\/anh\u00f6rigs postort<span style=\"text-align:left;\">*<\/span><\/label>\n    <\/div>\n    <div style=\"text-align:left;\">\n      <input style=\"text-align:left; margin:0; width:99%; max-width:250px;\" type=\"text\" id=\"fscf_field3_9\" name=\"begravningsbyra-eller-anhorigs-postort\" value=\"\"  \/>\n    <\/div>\n  <\/div>\n<\/div>\n\n<div id=\"fscf_div_clear3_11\" style=\"clear:both;\">\n  <div id=\"fscf_div_field3_11\" style=\"clear:left; float:left; width:99%; max-width:550px; margin-right:10px;\">\n    <div  id=\"fscf_label3_11\" style=\"text-align:left; padding-top:5px;\">\r\n      <label style=\"text-align:left;\" for=\"fscf_field3_11\">Byr\u00e5ns\/anh\u00f6rigs telefonnummer<span style=\"text-align:left;\">*<\/span><\/label>\n    <\/div>\n    <div style=\"text-align:left;\">\n      <input style=\"text-align:left; margin:0; width:99%; max-width:250px;\" type=\"text\" id=\"fscf_field3_11\" name=\"begravningsbyra-eller-anhorigs-telefonnu\" value=\"\"  \/>\n    <\/div>\n  <\/div>\n<\/div>\n\n<div id=\"fscf_div_clear3_10\" style=\"clear:both;\">\n  <div id=\"fscf_div_field3_10\" style=\"clear:left; float:left; width:99%; max-width:550px; margin-right:10px;\">\n    <div  id=\"fscf_label3_10\" style=\"text-align:left; padding-top:5px;\">\r\n      <label style=\"text-align:left;\" for=\"fscf_field3_10\">Personlig h\u00e4lsning (t.ex. &quot;En sista h\u00e4lsning&quot;, &quot;Vila i frid&quot; eller eget \u00f6nskem\u00e5l)<\/label>\n    <\/div>\n    <div style=\"text-align:left;\">\n      <input style=\"text-align:left; margin:0; width:99%; max-width:250px;\" type=\"text\" id=\"fscf_field3_10\" name=\"personlig-halsning\" value=\"\"  \/>\n    <\/div>\n  <\/div>\n<\/div>\n\n<div id=\"fscf_div_clear3_0\" style=\"clear:both;\">\n  <div id=\"fscf_div_field3_0\" style=\"clear:left; float:left; width:99%; max-width:550px; margin-right:10px;\">\n\n    <div style=\"clear:both;\"><\/div>\n<p>&nbsp;<\/p><p>GIVARENS ADRESSUPPGIFTER:<\/p>\n\r\n    <div style=\"text-align:left; padding-top:5px;\">\n      <label style=\"text-align:left;\" for=\"fscf_name3\">Namn<span style=\"text-align:left;\">*<\/span><\/label>\n    <\/div>\r\n    <div style=\"text-align:left;\">\r\n      <input style=\"text-align:left; margin:0; width:99%; max-width:250px;\" type=\"text\" id=\"fscf_name3\" name=\"full_name\" value=\"\"  \/>\r\n    <\/div>\r\n  <\/div>\n<\/div>\n\n<div id=\"fscf_div_clear3_1\" style=\"clear:both;\">\n  <div id=\"fscf_div_field3_1\" style=\"clear:left; float:left; width:99%; max-width:550px; margin-right:10px;\">\n    <div style=\"text-align:left; padding-top:5px;\">\n      <label style=\"text-align:left;\" for=\"fscf_email3\">E-post<\/label>\n    <\/div>\n    <div style=\"text-align:left;\">\n      <input style=\"text-align:left; margin:0; width:99%; max-width:250px;\" type=\"text\" id=\"fscf_email3\" name=\"email\" value=\"\"  \/>\n    <\/div>\n  <\/div>\n<\/div>\n\n<div id=\"fscf_div_clear3_12\" style=\"clear:both;\">\n  <div id=\"fscf_div_field3_12\" style=\"clear:left; float:left; width:99%; max-width:550px; margin-right:10px;\">\n    <div  id=\"fscf_label3_12\" style=\"text-align:left; padding-top:5px;\">\r\n      <label style=\"text-align:left;\" for=\"fscf_field3_12\">Gatuadress<span style=\"text-align:left;\">*<\/span><\/label>\n    <\/div>\n    <div style=\"text-align:left;\">\n      <input style=\"text-align:left; margin:0; width:99%; max-width:250px;\" type=\"text\" id=\"fscf_field3_12\" name=\"gatuadress\" value=\"\"  \/>\n    <\/div>\n  <\/div>\n<\/div>\n\n<div id=\"fscf_div_clear3_13\" style=\"clear:both;\">\n  <div id=\"fscf_div_field3_13\" style=\"clear:left; float:left; width:99%; max-width:550px; margin-right:10px;\">\n    <div  id=\"fscf_label3_13\" style=\"text-align:left; padding-top:5px;\">\r\n      <label style=\"text-align:left;\" for=\"fscf_field3_13\">Postnummer<span style=\"text-align:left;\">*<\/span><\/label>\n    <\/div>\n    <div style=\"text-align:left;\">\n      <input style=\"text-align:left; margin:0; width:99%; max-width:250px;\" type=\"text\" id=\"fscf_field3_13\" name=\"postnummer\" value=\"\"  maxlength=\"5\" \/>\n    <\/div>\n  <\/div>\n<\/div>\n\n<div id=\"fscf_div_clear3_14\" style=\"clear:both;\">\n  <div id=\"fscf_div_field3_14\" style=\"clear:left; float:left; width:99%; max-width:550px; margin-right:10px;\">\n    <div  id=\"fscf_label3_14\" style=\"text-align:left; padding-top:5px;\">\r\n      <label style=\"text-align:left;\" for=\"fscf_field3_14\">Postort<span style=\"text-align:left;\">*<\/span><\/label>\n    <\/div>\n    <div style=\"text-align:left;\">\n      <input style=\"text-align:left; margin:0; width:99%; max-width:250px;\" type=\"text\" id=\"fscf_field3_14\" name=\"postort\" value=\"\"  \/>\n    <\/div>\n  <\/div>\n<\/div>\n\n<div id=\"fscf_div_clear3_15\" style=\"clear:both;\">\n  <div id=\"fscf_div_field3_15\" style=\"clear:left; float:left; width:99%; max-width:550px; margin-right:10px;\">\n    <div  id=\"fscf_label3_15\" style=\"text-align:left; padding-top:5px;\">\r\n      <label style=\"text-align:left;\" for=\"fscf_field3_15\">Telefon<span style=\"text-align:left;\">*<\/span><\/label>\n    <\/div>\n    <div style=\"text-align:left;\">\n      <input style=\"text-align:left; margin:0; width:99%; max-width:250px;\" type=\"text\" id=\"fscf_field3_15\" name=\"telefon\" value=\"\"  \/>\n    <\/div>\n  <\/div>\n<\/div>\n\n<div id=\"fscf_div_clear3_3\" style=\"clear:both;\">\n  <div id=\"fscf_div_field3_3\" style=\"clear:left; float:left; width:99%; max-width:550px; margin-right:10px;\">\n    <div style=\"text-align:left; padding-top:5px;\">\n      <label style=\"text-align:left;\" for=\"fscf_field3_3\">Ev. \u00f6vriga meddelanden<\/label>\n    <\/div>\n    <div style=\"text-align:left;\">\n      <textarea style=\"text-align:left; margin:0; width:99%; max-width:250px; height:120px;\" id=\"fscf_field3_3\" name=\"message\" cols=\"30\" rows=\"10\" ><\/textarea>\n    <\/div>\n  <\/div>\n<\/div>\n\n<div id=\"fscf_div_clear3_16\" style=\"clear:both;\">\n  <div id=\"fscf_div_field3_16\" style=\"clear:left; float:left; width:99%; max-width:550px; margin-right:10px;\">\n\n    <div style=\"clear:both;\"><\/div>\n<p>&nbsp;<\/p>\r\n<p>BETALNINGSALTERNATIV:<\/p>\n\n    <div  id=\"fscf_label3_16\" style=\"text-align:left; padding-top:5px;\">\n    <\/div>\n    <div style=\"text-align:left;\">\n      <span><input type=\"checkbox\" style=\"width:13px;\" id=\"fscf_field3_16\" name=\"jag-betalar-via-internet-eller-med-eget\" value=\"1\" \/> <label style=\"display:inline;\" for=\"fscf_field3_16\">Jag betalar via Internet eller med eget inbetalningskort till Skellefte\u00e5 Strokef\u00f6renings postgiro 33 68 92-5<\/label><\/span>\n    <\/div>\n  <\/div>\n<\/div>\n\n<div id=\"fscf_div_clear3_17\" style=\"clear:both;\">\n  <div id=\"fscf_div_field3_17\" style=\"clear:left; float:left; width:99%; max-width:550px; margin-right:10px;\">\n    <div  id=\"fscf_label3_17\" style=\"text-align:left; padding-top:5px;\">\n    <\/div>\n    <div style=\"text-align:left;\">\n      <span><input type=\"checkbox\" style=\"width:13px;\" id=\"fscf_field3_17\" name=\"skicka-ett-inbetalningskort-till-mig\" value=\"1\" \/> <label style=\"display:inline;\" for=\"fscf_field3_17\">Skicka ett inbetalningskort till mig<\/label><\/span>\n    <\/div>\n\n    <div style=\"clear:both;\"><\/div>\n<p>&nbsp;<\/p>\n\n  <\/div>\n<\/div>\r\n<div style=\"clear:both;\"><\/div>\n\n<div style=\"text-align:left; padding-top:5px;\">\n<\/div>\n<div id=\"fscf_captcha_image_div3\" style=\"width:250px; height:65px; padding-top:2px;\">\n      <img id=\"fscf_captcha_image3\" style=\"border-style:none; margin:0; padding:0px; padding-right:5px; float:left;\" src=\"https:\/\/strokeforening.se\/wp-content\/plugins\/si-contact-form\/captcha\/securimage_show.php?prefix=dqqITSkGpkd6lW2R\" width=\"175\" height=\"60\" alt=\"CAPTCHA Bild\" title=\"CAPTCHA Bild\" \/>\n      <input id=\"fscf_captcha_prefix3\" type=\"hidden\" name=\"fscf_captcha_prefix3\" value=\"dqqITSkGpkd6lW2R\" \/>\n     <div id=\"fscf_captcha_refresh3\">\n        <a href=\"#\" rel=\"nofollow\" title=\"Uppdatera Bild\" onclick=\"fscf_captcha_refresh('3','\/wp-content\/plugins\/si-contact-form\/captcha','https:\/\/strokeforening.se\/wp-content\/plugins\/si-contact-form\/captcha\/securimage_show.php?prefix='); return false;\">\n        <img src=\"https:\/\/strokeforening.se\/wp-content\/plugins\/si-contact-form\/captcha\/images\/refresh.png\" width=\"22\" height=\"20\" alt=\"Uppdatera Bild\" style=\"border-style:none; margin:0; padding:0px; vertical-align:bottom;\" onclick=\"this.blur();\" \/><\/a>\r\n     <\/div>\r\n<\/div>\r\n\r\n<div id=\"fscf_captcha_field3\" style=\"text-align:left; padding-top:5px;\">\r\n     <label style=\"text-align:left;\" for=\"fscf_captcha_code3\">CAPTCHA kod<span style=\"text-align:left;\">*<\/span><\/label>\r\n<\/div>\r\n<div style=\"text-align:left;\">\n     <input style=\"text-align:left; margin:0; width:50px;\" type=\"text\" value=\"\" id=\"fscf_captcha_code3\" name=\"captcha_code\"  \/>\n<\/div>\n\n<div id=\"fscf_submit_div3\" style=\"text-align:left; clear:both; padding-top:15px;\">\r\n\t\t<input type=\"submit\" id=\"fscf_submit3\" style=\"cursor:pointer; margin:0;\" value=\"Skicka\"  onclick=\"this.disabled=true; this.value='Submitting...'; this.form.submit();\" \/> \n<\/div>\n\n<input type=\"hidden\" name=\"fscf_submitted\" value=\"0\" \/>\n<input type=\"hidden\" name=\"fs_postonce_3\" value=\"a769d06a077c1433a8cfd8c3c5355e85,1777593873\" \/>\n<input type=\"hidden\" name=\"si_contact_action\" value=\"send\" \/>\n<input type=\"hidden\" name=\"form_id\" value=\"3\" \/>\n<input type=\"hidden\" name=\"mailto_id\" value=\"1\" \/>\n\n<\/form>\n<\/div>\r\n<div style=\"clear:both;\"><\/div>\n\n<!-- Fast Secure Contact Form plugin 4.0.30 - end - FastSecureContactForm.com -->\n<br \/>\nGenom att kryssa i att du betalar via internet eller eget inbetalningskort hj\u00e4lper du oss att h\u00e5lla kostnaderna nere. P\u00e5 s\u00e5 s\u00e4tt g\u00e5r st\u00f6rre andel av din g\u00e5va till r\u00e4tt \u00e4ndam\u00e5l.Var v\u00e4nlig skriv \u201dSkellefte\u00e5 strokef\u00f6renings webb\u201d samt den avlidnes namn som referens.<\/p>\n<p>Skellefte\u00e5s Strokef\u00f6renings plusgiro <strong>33 68 92-5<\/strong><\/p>\n<\/div>\n","protected":false},"excerpt":{"rendered":"<p>Minnesg\u00e5va &nbsp; Genom att kryssa i att du betalar via internet eller eget inbetalningskort hj\u00e4lper du oss att h\u00e5lla kostnaderna nere. P\u00e5 s\u00e5 s\u00e4tt g\u00e5r st\u00f6rre andel av din g\u00e5va till r\u00e4tt \u00e4ndam\u00e5l.Var v\u00e4nlig skriv \u201dSkellefte\u00e5 strokef\u00f6renings webb\u201d samt den avlidnes namn som referens. Skellefte\u00e5s Strokef\u00f6renings plusgiro 33 68 92-5<\/p>\n","protected":false},"author":1,"featured_media":0,"parent":72,"menu_order":1,"comment_status":"closed","ping_status":"open","template":"","meta":[],"_links":{"self":[{"href":"https:\/\/strokeforening.se\/index.php?rest_route=\/wp\/v2\/pages\/74"}],"collection":[{"href":"https:\/\/strokeforening.se\/index.php?rest_route=\/wp\/v2\/pages"}],"about":[{"href":"https:\/\/strokeforening.se\/index.php?rest_route=\/wp\/v2\/types\/page"}],"author":[{"embeddable":true,"href":"https:\/\/strokeforening.se\/index.php?rest_route=\/wp\/v2\/users\/1"}],"replies":[{"embeddable":true,"href":"https:\/\/strokeforening.se\/index.php?rest_route=%2Fwp%2Fv2%2Fcomments&post=74"}],"version-history":[{"count":3,"href":"https:\/\/strokeforening.se\/index.php?rest_route=\/wp\/v2\/pages\/74\/revisions"}],"predecessor-version":[{"id":121,"href":"https:\/\/strokeforening.se\/index.php?rest_route=\/wp\/v2\/pages\/74\/revisions\/121"}],"up":[{"embeddable":true,"href":"https:\/\/strokeforening.se\/index.php?rest_route=\/wp\/v2\/pages\/72"}],"wp:attachment":[{"href":"https:\/\/strokeforening.se\/index.php?rest_route=%2Fwp%2Fv2%2Fmedia&parent=74"}],"curies":[{"name":"wp","href":"https:\/\/api.w.org\/{rel}","templated":true}]}}