{"id":738,"date":"2022-03-02T11:29:09","date_gmt":"2022-03-02T10:29:09","guid":{"rendered":"http:\/\/strokeforening.se\/?page_id=738"},"modified":"2023-04-14T10:02:37","modified_gmt":"2023-04-14T08:02:37","slug":"styrelsemote-2022-02-17","status":"publish","type":"page","link":"https:\/\/strokeforening.se\/?page_id=738","title":{"rendered":"AKTIVITETER"},"content":{"rendered":"\n<p>F\u00f6r att delta i aktiviteterna m\u00e5ste man vara medlem i Strokef\u00f6reningen. <\/p>\n\n\n\n<p>Medlemsavgiften \u00e4r f\u00f6r n\u00e4rvarande (2023) 180:- med eller utan tidning <\/p>\n\n\n\n<p>V\u00e5ra nuvarande aktiviteter:<\/p>\n\n\n\n<p><strong>BAD<\/strong>: Ingen avgift f\u00f6rutom medlemsavgiften <\/p>\n\n\n\n<p><strong>BOULE<\/strong>: Ingen kostnad f\u00f6rutom medlemsavgiften<\/p>\n\n\n\n<p><strong>STYRKETR\u00c4NING<\/strong>: F\u00f6rutom medlemsavgiften tillkommer 200:-\/\u00e5r till Skellefte\u00e5 Parasportf\u00f6rening. Tr\u00e4ningsavgift, 100:-, till Skellefte\u00e5 Parasportf\u00f6reningen betalas av Strokef\u00f6reningen.<\/p>\n\n\n\n<p>Vill du delta i n\u00e5gon aktivitet tar du kontakt med n\u00e5gon i Strokef\u00f6reningens styrelse.<\/p>\n\n\n\n<p><\/p>\n","protected":false},"excerpt":{"rendered":"<p>F\u00f6r att delta i aktiviteterna m\u00e5ste man vara medlem i Strokef\u00f6reningen. Medlemsavgiften \u00e4r f\u00f6r n\u00e4rvarande (2023) 180:- med eller utan tidning V\u00e5ra nuvarande aktiviteter: BAD: Ingen avgift f\u00f6rutom medlemsavgiften BOULE: Ingen kostnad f\u00f6rutom medlemsavgiften STYRKETR\u00c4NING: F\u00f6rutom medlemsavgiften tillkommer 200:-\/\u00e5r till Skellefte\u00e5 Parasportf\u00f6rening. Tr\u00e4ningsavgift, 100:-, till Skellefte\u00e5 Parasportf\u00f6reningen betalas av Strokef\u00f6reningen. Vill du delta i n\u00e5gon [&hellip;]<\/p>\n","protected":false},"author":4,"featured_media":0,"parent":0,"menu_order":0,"comment_status":"closed","ping_status":"closed","template":"","meta":[],"_links":{"self":[{"href":"https:\/\/strokeforening.se\/index.php?rest_route=\/wp\/v2\/pages\/738"}],"collection":[{"href":"https:\/\/strokeforening.se\/index.php?rest_route=\/wp\/v2\/pages"}],"about":[{"href":"https:\/\/strokeforening.se\/index.php?rest_route=\/wp\/v2\/types\/page"}],"author":[{"embeddable":true,"href":"https:\/\/strokeforening.se\/index.php?rest_route=\/wp\/v2\/users\/4"}],"replies":[{"embeddable":true,"href":"https:\/\/strokeforening.se\/index.php?rest_route=%2Fwp%2Fv2%2Fcomments&post=738"}],"version-history":[{"count":5,"href":"https:\/\/strokeforening.se\/index.php?rest_route=\/wp\/v2\/pages\/738\/revisions"}],"predecessor-version":[{"id":991,"href":"https:\/\/strokeforening.se\/index.php?rest_route=\/wp\/v2\/pages\/738\/revisions\/991"}],"wp:attachment":[{"href":"https:\/\/strokeforening.se\/index.php?rest_route=%2Fwp%2Fv2%2Fmedia&parent=738"}],"curies":[{"name":"wp","href":"https:\/\/api.w.org\/{rel}","templated":true}]}}