{"id":70,"date":"2014-08-27T13:18:39","date_gmt":"2014-08-27T11:18:39","guid":{"rendered":"http:\/\/strokeforening.se\/?page_id=70"},"modified":"2014-08-27T14:57:12","modified_gmt":"2014-08-27T12:57:12","slug":"webb-butik","status":"publish","type":"page","link":"https:\/\/strokeforening.se\/?page_id=70","title":{"rendered":"Webb-butik"},"content":{"rendered":"<h1 class=\"pagetitle\">Webb-butik<\/h1>\n<div class=\"textcontent\">\n<p><span style=\"color: #ff0000;\">H\u00e4r kommer det senare att\u00a0finnas varor som g\u00e5r att best\u00e4lla fr\u00e5n f\u00f6reningen samt uppgifter om frakt, leverans och annat om hur man b\u00e4r sig \u00e5t f\u00f6r att best\u00e4lla. F\u00f6rskottsbetaling? Postf\u00f6rskott? Faktura? \u2026<\/span><\/p>\n<p>\n\n<!-- Fast Secure Contact Form plugin 4.0.30 - begin - FastSecureContactForm.com -->\r\n<div style=\"clear:both;\"><\/div>\n<p>Fyll i uppgifterna nedan f\u00f6r att best\u00e4lla varor.<\/p>\r\n<div id=\"FSContact2\" style=\"width:99%; max-width:555px;\">\r\n<form action=\"https:\/\/strokeforening.se\/index.php?rest_route=%2Fwp%2Fv2%2Fpages%2F70#FSContact2\" id=\"fscf_form2\" method=\"post\">\r\n\n<div id=\"fscf_required2\">\n  <span style=\"text-align:left;\">*<\/span> <span style=\"text-align:left;\">obligatorisk uppgift<\/span>\n<\/div>\n\n\n<div id=\"fscf_div_clear2_0\" style=\"clear:both;\">\n  <div id=\"fscf_div_field2_0\" style=\"clear:left; float:left; width:99%; max-width:550px; margin-right:10px;\">\r\n    <div style=\"text-align:left; padding-top:5px;\">\n      <label style=\"text-align:left;\" for=\"fscf_name2\">Namn<span style=\"text-align:left;\">*<\/span><\/label>\n    <\/div>\r\n    <div style=\"text-align:left;\">\r\n      <input style=\"text-align:left; margin:0; width:99%; max-width:250px;\" type=\"text\" id=\"fscf_name2\" name=\"full_name\" value=\"\"  \/>\r\n    <\/div>\r\n  <\/div>\n<\/div>\n\n<div id=\"fscf_div_clear2_1\" style=\"clear:both;\">\n  <div id=\"fscf_div_field2_1\" style=\"clear:left; float:left; width:99%; max-width:550px; margin-right:10px;\">\n    <div style=\"text-align:left; padding-top:5px;\">\n      <label style=\"text-align:left;\" for=\"fscf_email2\">E-post<span style=\"text-align:left;\">*<\/span><\/label>\n    <\/div>\n    <div style=\"text-align:left;\">\n      <input style=\"text-align:left; margin:0; width:99%; max-width:250px;\" type=\"text\" id=\"fscf_email2\" name=\"email\" value=\"\"  \/>\n    <\/div>\n  <\/div>\n<\/div>\n\n<div id=\"fscf_div_clear2_4\" style=\"clear:both;\">\n  <div id=\"fscf_div_field2_4\" style=\"clear:left; float:left; width:99%; max-width:550px; margin-right:10px;\">\n    <div  id=\"fscf_label2_4\" style=\"text-align:left; padding-top:5px;\">\r\n      <label style=\"text-align:left;\" for=\"fscf_field2_4\">Gatuadress:<span style=\"text-align:left;\">*<\/span><\/label>\n    <\/div>\n    <div style=\"text-align:left;\">\n      <input style=\"text-align:left; margin:0; width:99%; max-width:250px;\" type=\"text\" id=\"fscf_field2_4\" name=\"gatuadress\" value=\"\"  \/>\n    <\/div>\n  <\/div>\n<\/div>\n\n<div id=\"fscf_div_clear2_5\" style=\"clear:both;\">\n  <div id=\"fscf_div_field2_5\" style=\"clear:left; float:left; width:99%; max-width:550px; margin-right:10px;\">\n    <div  id=\"fscf_label2_5\" style=\"text-align:left; padding-top:5px;\">\r\n      <label style=\"text-align:left;\" for=\"fscf_field2_5\">Postnummer:<span style=\"text-align:left;\">*<\/span><\/label>\n    <\/div>\n    <div style=\"text-align:left;\">\n      <input style=\"text-align:left; margin:0; width:99%; max-width:250px;\" type=\"text\" id=\"fscf_field2_5\" name=\"postnummer\" value=\"\"  maxlength=\"5\" \/>\n    <\/div>\n  <\/div>\n<\/div>\n\n<div id=\"fscf_div_clear2_27\" style=\"clear:both;\">\n  <div id=\"fscf_div_field2_27\" style=\"clear:left; float:left; width:99%; max-width:550px; margin-right:10px;\">\n    <div  id=\"fscf_label2_27\" style=\"text-align:left; padding-top:5px;\">\r\n      <label style=\"text-align:left;\" for=\"fscf_field2_27\">Postort:<span style=\"text-align:left;\">*<\/span><\/label>\n    <\/div>\n    <div style=\"text-align:left;\">\n      <input style=\"text-align:left; margin:0; width:99%; max-width:250px;\" type=\"text\" id=\"fscf_field2_27\" name=\"postort\" value=\"\"  \/>\n    <\/div>\n  <\/div>\n<\/div>\n\n<div id=\"fscf_div_clear2_6\" style=\"clear:both;\">\n  <div id=\"fscf_div_field2_6\" style=\"clear:left; float:left; width:99%; max-width:550px; margin-right:10px;\">\n    <div  id=\"fscf_label2_6\" style=\"text-align:left; padding-top:5px;\">\r\n      <label style=\"text-align:left;\" for=\"fscf_field2_6\">Telefonnummer:<span style=\"text-align:left;\">*<\/span><\/label>\n    <\/div>\n    <div style=\"text-align:left;\">\n      <input style=\"text-align:left; margin:0; width:99%; max-width:250px;\" type=\"text\" id=\"fscf_field2_6\" name=\"telefonnummer\" value=\"\"  \/>\n    <\/div>\n  <\/div>\n<\/div>\n\n<div id=\"fscf_div_clear2_7\" style=\"clear:both;\">\n  <div id=\"fscf_div_field2_7\" style=\"clear:left; float:left; width:99%; max-width:550px; margin-right:10px;\">\n\n    <div style=\"clear:both;\"><\/div>\n<p>&nbsp;<\/p><p>Best\u00e4llning av f\u00f6rsta artikeln (A):<\/p>\n\n    <div  id=\"fscf_label2_7\" style=\"text-align:left; padding-top:5px;\">\r\n      <label style=\"text-align:left;\" for=\"fscf_field2_7\">Antal (A)<\/label>\n    <\/div>\n    <div style=\"text-align:left;\">\n      <input style=\"text-align:left; margin:0; width:99%; max-width:250px;\" type=\"text\" id=\"fscf_field2_7\" name=\"antal_a\" value=\"\"  \/>\n    <\/div>\n  <\/div>\n<\/div>\n\n<div id=\"fscf_div_clear2_8\" style=\"clear:both;\">\n  <div id=\"fscf_div_field2_8\" style=\"clear:left; float:left; width:99%; max-width:550px; margin-right:10px;\">\n    <div  id=\"fscf_label2_8\" style=\"text-align:left; padding-top:5px;\">\r\n      <label style=\"text-align:left;\" for=\"fscf_field2_8\">Artikel (A)<\/label>\n    <\/div>\n    <div style=\"text-align:left;\">\n      <input style=\"text-align:left; margin:0; width:99%; max-width:250px;\" type=\"text\" id=\"fscf_field2_8\" name=\"artikel-a\" value=\"\"  \/>\n    <\/div>\n  <\/div>\n<\/div>\n\n<div id=\"fscf_div_clear2_9\" style=\"clear:both;\">\n  <div id=\"fscf_div_field2_9\" style=\"clear:left; float:left; width:99%; max-width:550px; margin-right:10px;\">\n    <div  id=\"fscf_label2_9\" style=\"text-align:left; padding-top:5px;\">\r\n      <label style=\"text-align:left;\" for=\"fscf_field2_9\">F\u00e4rg (A)<\/label>\n    <\/div>\n    <div style=\"text-align:left;\">\n      <input style=\"text-align:left; margin:0; width:99%; max-width:250px;\" type=\"text\" id=\"fscf_field2_9\" name=\"farg-a\" value=\"\"  \/>\n    <\/div>\n  <\/div>\n<\/div>\n\n<div id=\"fscf_div_clear2_10\" style=\"clear:both;\">\n  <div id=\"fscf_div_field2_10\" style=\"clear:left; float:left; width:99%; max-width:550px; margin-right:10px;\">\n    <div  id=\"fscf_label2_10\" style=\"text-align:left; padding-top:5px;\">\r\n      <label style=\"text-align:left;\" for=\"fscf_field2_10\">Storlek (A)<\/label>\n    <\/div>\n    <div style=\"text-align:left;\">\n      <input style=\"text-align:left; margin:0; width:99%; max-width:250px;\" type=\"text\" id=\"fscf_field2_10\" name=\"storlek-a\" value=\"\"  \/>\n    <\/div>\n  <\/div>\n<\/div>\n\n<div id=\"fscf_div_clear2_11\" style=\"clear:both;\">\n  <div id=\"fscf_div_field2_11\" style=\"clear:left; float:left; width:99%; max-width:550px; margin-right:10px;\">\n    <div  id=\"fscf_label2_11\" style=\"text-align:left; padding-top:5px;\">\r\n      <label style=\"text-align:left;\" for=\"fscf_field2_11\">Pris per styck (A)<\/label>\n    <\/div>\n    <div style=\"text-align:left;\">\n      <input style=\"text-align:left; margin:0; width:99%; max-width:250px;\" type=\"text\" id=\"fscf_field2_11\" name=\"pris-per-styck-a\" value=\"\"  \/>\n    <\/div>\n  <\/div>\n<\/div>\n\n<div id=\"fscf_div_clear2_12\" style=\"clear:both;\">\n  <div id=\"fscf_div_field2_12\" style=\"clear:left; float:left; width:99%; max-width:550px; margin-right:10px;\">\n    <div  id=\"fscf_label2_12\" style=\"text-align:left; padding-top:5px;\">\r\n      <label style=\"text-align:left;\" for=\"fscf_field2_12\">Summa (A)<\/label>\n    <\/div>\n    <div style=\"text-align:left;\">\n      <input style=\"text-align:left; margin:0; width:99%; max-width:250px;\" type=\"text\" id=\"fscf_field2_12\" name=\"summa-a\" value=\"\"  \/>\n    <\/div>\n  <\/div>\n<\/div>\n\n<div id=\"fscf_div_clear2_13\" style=\"clear:both;\">\n  <div id=\"fscf_div_field2_13\" style=\"clear:left; float:left; width:99%; max-width:550px; margin-right:10px;\">\n\n    <div style=\"clear:both;\"><\/div>\n<p>&nbsp;<\/p><p>Best\u00e4llning av andra artikeln (B):<\/p>\n\n    <div  id=\"fscf_label2_13\" style=\"text-align:left; padding-top:5px;\">\r\n      <label style=\"text-align:left;\" for=\"fscf_field2_13\">Antal (B)<\/label>\n    <\/div>\n    <div style=\"text-align:left;\">\n      <input style=\"text-align:left; margin:0; width:99%; max-width:250px;\" type=\"text\" id=\"fscf_field2_13\" name=\"antal-b\" value=\"\"  \/>\n    <\/div>\n  <\/div>\n<\/div>\n\n<div id=\"fscf_div_clear2_14\" style=\"clear:both;\">\n  <div id=\"fscf_div_field2_14\" style=\"clear:left; float:left; width:99%; max-width:550px; margin-right:10px;\">\n    <div  id=\"fscf_label2_14\" style=\"text-align:left; padding-top:5px;\">\r\n      <label style=\"text-align:left;\" for=\"fscf_field2_14\">Artikel (B)<\/label>\n    <\/div>\n    <div style=\"text-align:left;\">\n      <input style=\"text-align:left; margin:0; width:99%; max-width:250px;\" type=\"text\" id=\"fscf_field2_14\" name=\"artikel-b\" value=\"\"  \/>\n    <\/div>\n  <\/div>\n<\/div>\n\n<div id=\"fscf_div_clear2_15\" style=\"clear:both;\">\n  <div id=\"fscf_div_field2_15\" style=\"clear:left; float:left; width:99%; max-width:550px; margin-right:10px;\">\n    <div  id=\"fscf_label2_15\" style=\"text-align:left; padding-top:5px;\">\r\n      <label style=\"text-align:left;\" for=\"fscf_field2_15\">F\u00e4rg (B)<\/label>\n    <\/div>\n    <div style=\"text-align:left;\">\n      <input style=\"text-align:left; margin:0; width:99%; max-width:250px;\" type=\"text\" id=\"fscf_field2_15\" name=\"farg-b\" value=\"\"  \/>\n    <\/div>\n  <\/div>\n<\/div>\n\n<div id=\"fscf_div_clear2_16\" style=\"clear:both;\">\n  <div id=\"fscf_div_field2_16\" style=\"clear:left; float:left; width:99%; max-width:550px; margin-right:10px;\">\n    <div  id=\"fscf_label2_16\" style=\"text-align:left; padding-top:5px;\">\r\n      <label style=\"text-align:left;\" for=\"fscf_field2_16\">Storlek (B)<\/label>\n    <\/div>\n    <div style=\"text-align:left;\">\n      <input style=\"text-align:left; margin:0; width:99%; max-width:250px;\" type=\"text\" id=\"fscf_field2_16\" name=\"storlek-b\" value=\"\"  \/>\n    <\/div>\n  <\/div>\n<\/div>\n\n<div id=\"fscf_div_clear2_17\" style=\"clear:both;\">\n  <div id=\"fscf_div_field2_17\" style=\"clear:left; float:left; width:99%; max-width:550px; margin-right:10px;\">\n    <div  id=\"fscf_label2_17\" style=\"text-align:left; padding-top:5px;\">\r\n      <label style=\"text-align:left;\" for=\"fscf_field2_17\">Pris per styck (B)<\/label>\n    <\/div>\n    <div style=\"text-align:left;\">\n      <input style=\"text-align:left; margin:0; width:99%; max-width:250px;\" type=\"text\" id=\"fscf_field2_17\" name=\"pris-per-styck-b\" value=\"\"  \/>\n    <\/div>\n  <\/div>\n<\/div>\n\n<div id=\"fscf_div_clear2_18\" style=\"clear:both;\">\n  <div id=\"fscf_div_field2_18\" style=\"clear:left; float:left; width:99%; max-width:550px; margin-right:10px;\">\n    <div  id=\"fscf_label2_18\" style=\"text-align:left; padding-top:5px;\">\r\n      <label style=\"text-align:left;\" for=\"fscf_field2_18\">Summa (B)<\/label>\n    <\/div>\n    <div style=\"text-align:left;\">\n      <input style=\"text-align:left; margin:0; width:99%; max-width:250px;\" type=\"text\" id=\"fscf_field2_18\" name=\"summa-b\" value=\"\"  \/>\n    <\/div>\n  <\/div>\n<\/div>\n\n<div id=\"fscf_div_clear2_19\" style=\"clear:both;\">\n  <div id=\"fscf_div_field2_19\" style=\"clear:left; float:left; width:99%; max-width:550px; margin-right:10px;\">\n\n    <div style=\"clear:both;\"><\/div>\n<p>&nbsp;<\/p><p>Best\u00e4llning av tredje varan (C):<\/p>\n\n    <div  id=\"fscf_label2_19\" style=\"text-align:left; padding-top:5px;\">\r\n      <label style=\"text-align:left;\" for=\"fscf_field2_19\">Antal (C)<\/label>\n    <\/div>\n    <div style=\"text-align:left;\">\n      <input style=\"text-align:left; margin:0; width:99%; max-width:250px;\" type=\"text\" id=\"fscf_field2_19\" name=\"antal-c\" value=\"\"  \/>\n    <\/div>\n  <\/div>\n<\/div>\n\n<div id=\"fscf_div_clear2_20\" style=\"clear:both;\">\n  <div id=\"fscf_div_field2_20\" style=\"clear:left; float:left; width:99%; max-width:550px; margin-right:10px;\">\n    <div  id=\"fscf_label2_20\" style=\"text-align:left; padding-top:5px;\">\r\n      <label style=\"text-align:left;\" for=\"fscf_field2_20\">Artikel (C)<\/label>\n    <\/div>\n    <div style=\"text-align:left;\">\n      <input style=\"text-align:left; margin:0; width:99%; max-width:250px;\" type=\"text\" id=\"fscf_field2_20\" name=\"artikel-c\" value=\"\"  \/>\n    <\/div>\n  <\/div>\n<\/div>\n\n<div id=\"fscf_div_clear2_21\" style=\"clear:both;\">\n  <div id=\"fscf_div_field2_21\" style=\"clear:left; float:left; width:99%; max-width:550px; margin-right:10px;\">\n    <div  id=\"fscf_label2_21\" style=\"text-align:left; padding-top:5px;\">\r\n      <label style=\"text-align:left;\" for=\"fscf_field2_21\">F\u00e4rg (C)<\/label>\n    <\/div>\n    <div style=\"text-align:left;\">\n      <input style=\"text-align:left; margin:0; width:99%; max-width:250px;\" type=\"text\" id=\"fscf_field2_21\" name=\"farg-c\" value=\"\"  \/>\n    <\/div>\n  <\/div>\n<\/div>\n\n<div id=\"fscf_div_clear2_22\" style=\"clear:both;\">\n  <div id=\"fscf_div_field2_22\" style=\"clear:left; float:left; width:99%; max-width:550px; margin-right:10px;\">\n    <div  id=\"fscf_label2_22\" style=\"text-align:left; padding-top:5px;\">\r\n      <label style=\"text-align:left;\" for=\"fscf_field2_22\">Storlek (C)<\/label>\n    <\/div>\n    <div style=\"text-align:left;\">\n      <input style=\"text-align:left; margin:0; width:99%; max-width:250px;\" type=\"text\" id=\"fscf_field2_22\" name=\"storlek-c\" value=\"\"  \/>\n    <\/div>\n  <\/div>\n<\/div>\n\n<div id=\"fscf_div_clear2_23\" style=\"clear:both;\">\n  <div id=\"fscf_div_field2_23\" style=\"clear:left; float:left; width:99%; max-width:550px; margin-right:10px;\">\n    <div  id=\"fscf_label2_23\" style=\"text-align:left; padding-top:5px;\">\r\n      <label style=\"text-align:left;\" for=\"fscf_field2_23\">Pris per styck (C)<\/label>\n    <\/div>\n    <div style=\"text-align:left;\">\n      <input style=\"text-align:left; margin:0; width:99%; max-width:250px;\" type=\"text\" id=\"fscf_field2_23\" name=\"pris-per-styck-c\" value=\"\"  \/>\n    <\/div>\n  <\/div>\n<\/div>\n\n<div id=\"fscf_div_clear2_24\" style=\"clear:both;\">\n  <div id=\"fscf_div_field2_24\" style=\"clear:left; float:left; width:99%; max-width:550px; margin-right:10px;\">\n    <div  id=\"fscf_label2_24\" style=\"text-align:left; padding-top:5px;\">\r\n      <label style=\"text-align:left;\" for=\"fscf_field2_24\">Summa (C)<\/label>\n    <\/div>\n    <div style=\"text-align:left;\">\n      <input style=\"text-align:left; margin:0; width:99%; max-width:250px;\" type=\"text\" id=\"fscf_field2_24\" name=\"summa-c\" value=\"\"  \/>\n    <\/div>\n  <\/div>\n<\/div>\n\n<div id=\"fscf_div_clear2_25\" style=\"clear:both;\">\n  <div id=\"fscf_div_field2_25\" style=\"clear:left; float:left; width:99%; max-width:550px; margin-right:10px;\">\n\n    <div style=\"clear:both;\"><\/div>\n<p>&nbsp;<\/p><p>Att betala in p\u00e5 Skellefte\u00e5 Strokef\u00f6renings plusgiro,\r\n33 68 92-5:<\/p>\n\n    <div  id=\"fscf_label2_25\" style=\"text-align:left; padding-top:5px;\">\r\n      <label style=\"text-align:left;\" for=\"fscf_field2_25\">Frakt och expeditionsavgifter<\/label>\n    <\/div>\n    <div style=\"text-align:left;\">\n      <input style=\"text-align:left; margin:0; width:99%; max-width:250px;\" type=\"text\" id=\"fscf_field2_25\" name=\"frakt-och-expeditionsavgifter\" value=\"\"  \/>\n    <\/div>\n  <\/div>\n<\/div>\n\n<div id=\"fscf_div_clear2_26\" style=\"clear:both;\">\n  <div id=\"fscf_div_field2_26\" style=\"clear:left; float:left; width:99%; max-width:550px; margin-right:10px;\">\n    <div  id=\"fscf_label2_26\" style=\"text-align:left; padding-top:5px;\">\r\n      <label style=\"text-align:left;\" for=\"fscf_field2_26\">Totalt att betala (frakt + best\u00e4llda varor)<\/label>\n    <\/div>\n    <div style=\"text-align:left;\">\n      <input style=\"text-align:left; margin:0; width:99%; max-width:250px;\" type=\"text\" id=\"fscf_field2_26\" name=\"totalt-att-betala-frakt-bestallda-varor\" value=\"\"  \/>\n    <\/div>\n  <\/div>\n<\/div>\r\n<div style=\"clear:both;\"><\/div>\n\n<div style=\"text-align:left; padding-top:5px;\">\n<\/div>\n<div id=\"fscf_captcha_image_div2\" style=\"width:250px; height:65px; padding-top:2px;\">\n      <img id=\"fscf_captcha_image2\" style=\"border-style:none; margin:0; padding:0px; padding-right:5px; float:left;\" src=\"https:\/\/strokeforening.se\/wp-content\/plugins\/si-contact-form\/captcha\/securimage_show.php?prefix=TBWRiVEuUKdHPPBl\" width=\"175\" height=\"60\" alt=\"CAPTCHA Bild\" title=\"CAPTCHA Bild\" \/>\n      <input id=\"fscf_captcha_prefix2\" type=\"hidden\" name=\"fscf_captcha_prefix2\" value=\"TBWRiVEuUKdHPPBl\" \/>\n     <div id=\"fscf_captcha_refresh2\">\n        <a href=\"#\" rel=\"nofollow\" title=\"Uppdatera Bild\" onclick=\"fscf_captcha_refresh('2','\/wp-content\/plugins\/si-contact-form\/captcha','https:\/\/strokeforening.se\/wp-content\/plugins\/si-contact-form\/captcha\/securimage_show.php?prefix='); return false;\">\n        <img src=\"https:\/\/strokeforening.se\/wp-content\/plugins\/si-contact-form\/captcha\/images\/refresh.png\" width=\"22\" height=\"20\" alt=\"Uppdatera Bild\" style=\"border-style:none; margin:0; padding:0px; vertical-align:bottom;\" onclick=\"this.blur();\" \/><\/a>\r\n     <\/div>\r\n<\/div>\r\n\r\n<div id=\"fscf_captcha_field2\" style=\"text-align:left; padding-top:5px;\">\r\n     <label style=\"text-align:left;\" for=\"fscf_captcha_code2\">CAPTCHA kod<span style=\"text-align:left;\">*<\/span><\/label>\r\n<\/div>\r\n<div style=\"text-align:left;\">\n     <input style=\"text-align:left; margin:0; width:50px;\" type=\"text\" value=\"\" id=\"fscf_captcha_code2\" name=\"captcha_code\"  \/>\n<\/div>\n\n<div id=\"fscf_submit_div2\" style=\"text-align:left; clear:both; padding-top:15px;\">\r\n\t\t<input type=\"submit\" id=\"fscf_submit2\" style=\"cursor:pointer; margin:0;\" value=\"Skicka\"  onclick=\"this.disabled=true; this.value='Submitting...'; this.form.submit();\" \/> \n<\/div>\n\n<input type=\"hidden\" name=\"fscf_submitted\" value=\"0\" \/>\n<input type=\"hidden\" name=\"fs_postonce_2\" value=\"7ea4372b6eb7842d13d353c4d1980f62,1778728109\" \/>\n<input type=\"hidden\" name=\"si_contact_action\" value=\"send\" \/>\n<input type=\"hidden\" name=\"form_id\" value=\"2\" \/>\n<input type=\"hidden\" name=\"mailto_id\" value=\"1\" \/>\n\n<\/form>\n<\/div>\r\n<div style=\"clear:both;\"><\/div>\n\n<!-- Fast Secure Contact Form plugin 4.0.30 - end - FastSecureContactForm.com -->\n<br \/>\nFler varor finns att best\u00e4lla fr\u00e5n <a href=\"http:\/\/www.strokeforbundet.org\/webbshop\/webbshop.asp?tx=1\" target=\"blank\">STROKE-riksf\u00f6rbundets webb-butik<\/a>.<\/p>\n<\/div>\n","protected":false},"excerpt":{"rendered":"<p>Webb-butik H\u00e4r kommer det senare att\u00a0finnas varor som g\u00e5r att best\u00e4lla fr\u00e5n f\u00f6reningen samt uppgifter om frakt, leverans och annat om hur man b\u00e4r sig \u00e5t f\u00f6r att best\u00e4lla. F\u00f6rskottsbetaling? Postf\u00f6rskott? Faktura? \u2026 Fler varor finns att best\u00e4lla fr\u00e5n STROKE-riksf\u00f6rbundets webb-butik.<\/p>\n","protected":false},"author":1,"featured_media":0,"parent":0,"menu_order":5,"comment_status":"closed","ping_status":"open","template":"","meta":[],"_links":{"self":[{"href":"https:\/\/strokeforening.se\/index.php?rest_route=\/wp\/v2\/pages\/70"}],"collection":[{"href":"https:\/\/strokeforening.se\/index.php?rest_route=\/wp\/v2\/pages"}],"about":[{"href":"https:\/\/strokeforening.se\/index.php?rest_route=\/wp\/v2\/types\/page"}],"author":[{"embeddable":true,"href":"https:\/\/strokeforening.se\/index.php?rest_route=\/wp\/v2\/users\/1"}],"replies":[{"embeddable":true,"href":"https:\/\/strokeforening.se\/index.php?rest_route=%2Fwp%2Fv2%2Fcomments&post=70"}],"version-history":[{"count":2,"href":"https:\/\/strokeforening.se\/index.php?rest_route=\/wp\/v2\/pages\/70\/revisions"}],"predecessor-version":[{"id":93,"href":"https:\/\/strokeforening.se\/index.php?rest_route=\/wp\/v2\/pages\/70\/revisions\/93"}],"wp:attachment":[{"href":"https:\/\/strokeforening.se\/index.php?rest_route=%2Fwp%2Fv2%2Fmedia&parent=70"}],"curies":[{"name":"wp","href":"https:\/\/api.w.org\/{rel}","templated":true}]}}