{"id":64,"date":"2014-08-27T13:16:32","date_gmt":"2014-08-27T11:16:32","guid":{"rendered":"http:\/\/strokeforening.se\/?page_id=64"},"modified":"2020-10-04T21:36:23","modified_gmt":"2020-10-04T19:36:23","slug":"bildgalleri","status":"publish","type":"page","link":"https:\/\/strokeforening.se\/?page_id=64","title":{"rendered":"Bildgalleri"},"content":{"rendered":"<p><a href=\"https:\/\/strokeforening.se\/wp-content\/uploads\/2020\/09\/Styrelsen-2020-09-11.pdf\">Styrelsen \u00c5rsm\u00f6te 2020-09-11<\/a><\/p>\n<p><a href=\"https:\/\/strokeforening.se\/wp-content\/uploads\/2020\/10\/Avtackning-Jan-Olof-scaled.jpg\">Jan-Olof Nygren avtackas 2020 efter flera \u00e5r i styrelsen.\u00a0<\/a><\/p>\n<div class=\"textcontent\"><\/div>\n","protected":false},"excerpt":{"rendered":"<p>Styrelsen \u00c5rsm\u00f6te 2020-09-11 Jan-Olof Nygren avtackas 2020 efter flera \u00e5r i styrelsen.\u00a0<\/p>\n","protected":false},"author":1,"featured_media":0,"parent":0,"menu_order":2,"comment_status":"closed","ping_status":"open","template":"","meta":[],"_links":{"self":[{"href":"https:\/\/strokeforening.se\/index.php?rest_route=\/wp\/v2\/pages\/64"}],"collection":[{"href":"https:\/\/strokeforening.se\/index.php?rest_route=\/wp\/v2\/pages"}],"about":[{"href":"https:\/\/strokeforening.se\/index.php?rest_route=\/wp\/v2\/types\/page"}],"author":[{"embeddable":true,"href":"https:\/\/strokeforening.se\/index.php?rest_route=\/wp\/v2\/users\/1"}],"replies":[{"embeddable":true,"href":"https:\/\/strokeforening.se\/index.php?rest_route=%2Fwp%2Fv2%2Fcomments&post=64"}],"version-history":[{"count":4,"href":"https:\/\/strokeforening.se\/index.php?rest_route=\/wp\/v2\/pages\/64\/revisions"}],"predecessor-version":[{"id":442,"href":"https:\/\/strokeforening.se\/index.php?rest_route=\/wp\/v2\/pages\/64\/revisions\/442"}],"wp:attachment":[{"href":"https:\/\/strokeforening.se\/index.php?rest_route=%2Fwp%2Fv2%2Fmedia&parent=64"}],"curies":[{"name":"wp","href":"https:\/\/api.w.org\/{rel}","templated":true}]}}