{"id":450,"date":"2020-11-01T19:02:48","date_gmt":"2020-11-01T18:02:48","guid":{"rendered":"http:\/\/strokeforening.se\/?page_id=450"},"modified":"2020-11-01T19:02:48","modified_gmt":"2020-11-01T18:02:48","slug":"medlem-strokeforbundet","status":"publish","type":"page","link":"https:\/\/strokeforening.se\/?page_id=450","title":{"rendered":"Medlem\/Strokef\u00f6rbundet"},"content":{"rendered":"\n<p><strong>Bli ny medlem?<\/strong><\/p>\n\n\n\n<p>Som ny medlem blir du det i b\u00e5de din lokala f\u00f6rening och i Riksf\u00f6rbundet. F\u00f6r att bli medlem klicka <a href=\"https:\/\/strokeforbundet.se\/bli-medlem\/medlemsansokan\/\">h\u00e4r<\/a>. V\u00e4lkommen!<\/p>\n\n\n\n<p><strong>Vill du l\u00e4sa stroke-artiklar och mycket annat?<\/strong> <a href=\"https:\/\/strokeforbundet.se\/\">www.strokeforbundet.se<\/a><\/p>\n\n\n\n<p>H\u00e4r finns nyheter inom strokeomr\u00e5det, b\u00e5de s\u00e5dant som STROKE-Riksf\u00f6rbundet \u00e4r med och skapar och s\u00e5dant som sker i samh\u00e4llet. L\u00e4s mer <a href=\"https:\/\/strokeforbundet.se\/nyheter\/\">h\u00e4r<\/a>. Riktar sig till b\u00e5de drabbade och anh\u00f6riga. <\/p>\n","protected":false},"excerpt":{"rendered":"<p>Bli ny medlem? Som ny medlem blir du det i b\u00e5de din lokala f\u00f6rening och i Riksf\u00f6rbundet. F\u00f6r att bli medlem klicka h\u00e4r. V\u00e4lkommen! Vill du l\u00e4sa stroke-artiklar och mycket annat? www.strokeforbundet.se H\u00e4r finns nyheter inom strokeomr\u00e5det, b\u00e5de s\u00e5dant som STROKE-Riksf\u00f6rbundet \u00e4r med och skapar och s\u00e5dant som sker i samh\u00e4llet. L\u00e4s mer h\u00e4r. Riktar [&hellip;]<\/p>\n","protected":false},"author":1,"featured_media":0,"parent":0,"menu_order":7,"comment_status":"closed","ping_status":"closed","template":"","meta":[],"_links":{"self":[{"href":"https:\/\/strokeforening.se\/index.php?rest_route=\/wp\/v2\/pages\/450"}],"collection":[{"href":"https:\/\/strokeforening.se\/index.php?rest_route=\/wp\/v2\/pages"}],"about":[{"href":"https:\/\/strokeforening.se\/index.php?rest_route=\/wp\/v2\/types\/page"}],"author":[{"embeddable":true,"href":"https:\/\/strokeforening.se\/index.php?rest_route=\/wp\/v2\/users\/1"}],"replies":[{"embeddable":true,"href":"https:\/\/strokeforening.se\/index.php?rest_route=%2Fwp%2Fv2%2Fcomments&post=450"}],"version-history":[{"count":5,"href":"https:\/\/strokeforening.se\/index.php?rest_route=\/wp\/v2\/pages\/450\/revisions"}],"predecessor-version":[{"id":457,"href":"https:\/\/strokeforening.se\/index.php?rest_route=\/wp\/v2\/pages\/450\/revisions\/457"}],"wp:attachment":[{"href":"https:\/\/strokeforening.se\/index.php?rest_route=%2Fwp%2Fv2%2Fmedia&parent=450"}],"curies":[{"name":"wp","href":"https:\/\/api.w.org\/{rel}","templated":true}]}}