{"id":40,"date":"2014-08-27T13:05:22","date_gmt":"2014-08-27T11:05:22","guid":{"rendered":"http:\/\/strokeforening.se\/?page_id=40"},"modified":"2014-08-27T13:14:12","modified_gmt":"2014-08-27T11:14:12","slug":"kann-igen","status":"publish","type":"page","link":"https:\/\/strokeforening.se\/?page_id=40","title":{"rendered":"K\u00e4nn igen"},"content":{"rendered":"<div class=\"textcontent\">\n<h1 class=\"pagetitle\">K\u00e4nn igen<\/h1>\n<p>Symtomen vid insjuknande \u00e4r ofta likadana vis infarkt och bl\u00f6dning. I de flest fall kommer symtomen pl\u00f6tsligt, men de kan ocks\u00e5 komma gradvis.<\/p>\n<p>De vanligaste symtomen vid stroke \u00e4r bland annat \u2026<\/p>\n<ul>\n<li>f\u00f6rlamning, k\u00e4nselneds\u00e4ttning eller domning i ena kroppshalvan och\/eller i ena ansiktshalvan.<\/li>\n<li>synrubbningar i form av synneds\u00e4ttning, synf\u00e4ltsbortfall eller pl\u00f6tslig blindhet p\u00e5 egna \u00f6gat.<\/li>\n<li>tal- och spr\u00e5krubbningar, d.v.s. sv\u00e5righeter att tala eller f\u00f6rst\u00e5 talat spr\u00e5k eller att l\u00e4sa och skriva.<\/li>\n<li>sluddrande eller otydligt tal.<\/li>\n<li>balanssv\u00e5righeter eller sv\u00e5righeter att styra\/koordinera r\u00f6relserna.<\/li>\n<li>desorienterad i tid och rum, f\u00f6rvirrad, p\u00e5verkat medvetande.<\/li>\n<li>blixtrande huvudv\u00e4rk, illam\u00e5ende, kr\u00e4kningar (fr\u00e4mst tecken p\u00e5 akut bl\u00f6dning).<\/li>\n<\/ul>\n<hr \/>\n<p><strong>Vid n\u00e5got av ovanst\u00e5ende symptom RING 112!<\/strong><br \/>\n<strong>Ett snabbt omh\u00e4ndertagande minskar risken f\u00f6r d\u00f6d och kan \u00e4ven minska konsekvenserna efter stroke.<\/strong><\/p>\n<hr \/>\n<\/div>\n<div class=\"tags\"><\/div>\n","protected":false},"excerpt":{"rendered":"<p>K\u00e4nn igen Symtomen vid insjuknande \u00e4r ofta likadana vis infarkt och bl\u00f6dning. I de flest fall kommer symtomen pl\u00f6tsligt, men de kan ocks\u00e5 komma gradvis. De vanligaste symtomen vid stroke \u00e4r bland annat \u2026 f\u00f6rlamning, k\u00e4nselneds\u00e4ttning eller domning i ena kroppshalvan och\/eller i ena ansiktshalvan. synrubbningar i form av synneds\u00e4ttning, synf\u00e4ltsbortfall eller pl\u00f6tslig blindhet p\u00e5 [&hellip;]<\/p>\n","protected":false},"author":1,"featured_media":0,"parent":36,"menu_order":2,"comment_status":"closed","ping_status":"open","template":"","meta":[],"_links":{"self":[{"href":"https:\/\/strokeforening.se\/index.php?rest_route=\/wp\/v2\/pages\/40"}],"collection":[{"href":"https:\/\/strokeforening.se\/index.php?rest_route=\/wp\/v2\/pages"}],"about":[{"href":"https:\/\/strokeforening.se\/index.php?rest_route=\/wp\/v2\/types\/page"}],"author":[{"embeddable":true,"href":"https:\/\/strokeforening.se\/index.php?rest_route=\/wp\/v2\/users\/1"}],"replies":[{"embeddable":true,"href":"https:\/\/strokeforening.se\/index.php?rest_route=%2Fwp%2Fv2%2Fcomments&post=40"}],"version-history":[{"count":2,"href":"https:\/\/strokeforening.se\/index.php?rest_route=\/wp\/v2\/pages\/40\/revisions"}],"predecessor-version":[{"id":59,"href":"https:\/\/strokeforening.se\/index.php?rest_route=\/wp\/v2\/pages\/40\/revisions\/59"}],"up":[{"embeddable":true,"href":"https:\/\/strokeforening.se\/index.php?rest_route=\/wp\/v2\/pages\/36"}],"wp:attachment":[{"href":"https:\/\/strokeforening.se\/index.php?rest_route=%2Fwp%2Fv2%2Fmedia&parent=40"}],"curies":[{"name":"wp","href":"https:\/\/api.w.org\/{rel}","templated":true}]}}