{"id":38,"date":"2014-08-27T13:05:04","date_gmt":"2014-08-27T11:05:04","guid":{"rendered":"http:\/\/strokeforening.se\/?page_id=38"},"modified":"2014-08-27T13:13:54","modified_gmt":"2014-08-27T11:13:54","slug":"blodtryck","status":"publish","type":"page","link":"https:\/\/strokeforening.se\/?page_id=38","title":{"rendered":"Blodtryck"},"content":{"rendered":"<div class=\"textcontent\">\n<h1 class=\"pagetitle\">Blodtryck<\/h1>\n<p>Blodtrycket ska vara under 140\/90.<\/p>\n<p>H\u00f6gt blodtryck \u00e4r den fr\u00e4msta riskfaktorn f\u00f6r att f\u00e5 stroke. F\u00f6r att minska risken f\u00f6r stroke b\u00f6r du d\u00e4rf\u00f6r str\u00e4va efter att h\u00e5lla blodtrycket under 140\/90. Det g\u00f6r du genom att se \u00f6ver dina kost och motionsvanor, sluta r\u00f6ka och stressa.<\/p>\n<p>Ibland r\u00e4cker det inte med livsstilsf\u00f6r\u00e4ndringar. D\u00e5 kan det bli aktuellt att s\u00e4nka trycket med hj\u00e4lp av mediciner. Oftast \u00e4r en kombination av olika mediciner det b\u00e4sta s\u00e4ttet att f\u00e5 ner ett f\u00f6r h\u00f6gt blodtryck.<\/p>\n<hr \/>\n<p><strong>M\u00e5nga stroke skulle kunna f\u00f6rebyggas genom livsstilsf\u00f6r\u00e4ndringar.<\/strong><\/p>\n<hr \/>\n<\/div>\n","protected":false},"excerpt":{"rendered":"<p>Blodtryck Blodtrycket ska vara under 140\/90. H\u00f6gt blodtryck \u00e4r den fr\u00e4msta riskfaktorn f\u00f6r att f\u00e5 stroke. F\u00f6r att minska risken f\u00f6r stroke b\u00f6r du d\u00e4rf\u00f6r str\u00e4va efter att h\u00e5lla blodtrycket under 140\/90. Det g\u00f6r du genom att se \u00f6ver dina kost och motionsvanor, sluta r\u00f6ka och stressa. Ibland r\u00e4cker det inte med livsstilsf\u00f6r\u00e4ndringar. D\u00e5 kan [&hellip;]<\/p>\n","protected":false},"author":1,"featured_media":0,"parent":36,"menu_order":1,"comment_status":"closed","ping_status":"open","template":"","meta":[],"_links":{"self":[{"href":"https:\/\/strokeforening.se\/index.php?rest_route=\/wp\/v2\/pages\/38"}],"collection":[{"href":"https:\/\/strokeforening.se\/index.php?rest_route=\/wp\/v2\/pages"}],"about":[{"href":"https:\/\/strokeforening.se\/index.php?rest_route=\/wp\/v2\/types\/page"}],"author":[{"embeddable":true,"href":"https:\/\/strokeforening.se\/index.php?rest_route=\/wp\/v2\/users\/1"}],"replies":[{"embeddable":true,"href":"https:\/\/strokeforening.se\/index.php?rest_route=%2Fwp%2Fv2%2Fcomments&post=38"}],"version-history":[{"count":2,"href":"https:\/\/strokeforening.se\/index.php?rest_route=\/wp\/v2\/pages\/38\/revisions"}],"predecessor-version":[{"id":58,"href":"https:\/\/strokeforening.se\/index.php?rest_route=\/wp\/v2\/pages\/38\/revisions\/58"}],"up":[{"embeddable":true,"href":"https:\/\/strokeforening.se\/index.php?rest_route=\/wp\/v2\/pages\/36"}],"wp:attachment":[{"href":"https:\/\/strokeforening.se\/index.php?rest_route=%2Fwp%2Fv2%2Fmedia&parent=38"}],"curies":[{"name":"wp","href":"https:\/\/api.w.org\/{rel}","templated":true}]}}