{"id":36,"date":"2014-08-27T13:04:25","date_gmt":"2014-08-27T11:04:25","guid":{"rendered":"http:\/\/strokeforening.se\/?page_id=36"},"modified":"2014-08-27T13:13:29","modified_gmt":"2014-08-27T11:13:29","slug":"forebygga","status":"publish","type":"page","link":"https:\/\/strokeforening.se\/?page_id=36","title":{"rendered":"F\u00f6rebygga"},"content":{"rendered":"<div class=\"textcontent\">\n<h1 class=\"pagetitle\">F\u00f6rebygga<\/h1>\n<h3 class=\"conti\">Stroke kan f\u00f6rebyggas genom att \u2026<\/h3>\n<div class=\"conti\">\n<ul>\n<li>\n<div>man slutar r\u00f6ka.<\/div>\n<\/li>\n<li>\n<div>alla som har h\u00f6gt blodtryck lyckas s\u00e4nka trycket till m\u00e5lniv\u00e5n 140\/90 (f\u00f6r diabetiker 130\/80).<\/div>\n<\/li>\n<li>\n<div>alla med f\u00f6rh\u00f6jda kolesterolv\u00e4rden f\u00e5r ner dem till normal niv\u00e5.<\/div>\n<\/li>\n<li>\n<div>alla som idag sitter stilla b\u00f6rjar motionera.<\/div>\n<\/li>\n<li>\n<div>efter en hj\u00e4rninfarkt f\u00f6rs\u00f6ka f\u00f6rhindra nya insjuknanden genom att ge blodproppsf\u00f6rebyggande behandling med acetylsalicylsyra eller blodf\u00f6rtunnande medel.<\/div>\n<\/li>\n<li>\n<div>f\u00f6rs\u00f6ka p\u00e5verka bakomliggande orsaker och t\u00e4nkbara riskfaktorer.<\/div>\n<\/li>\n<li>\n<div>behandla alla riskfaktorer i tid.<\/div>\n<\/li>\n<li>\n<div>betrakta TIA om en varningssignal. Man ber\u00e4knar att 30-50\u00a0procent av patienterna med TIA kommer att f\u00e5 en hj\u00e4rninfarkt inom fem \u00e5r, om man inte ger n\u00e5gon f\u00f6rebyggande behandling.<\/div>\n<\/li>\n<\/ul>\n<\/div>\n<\/div>\n","protected":false},"excerpt":{"rendered":"<p>F\u00f6rebygga Stroke kan f\u00f6rebyggas genom att \u2026 man slutar r\u00f6ka. alla som har h\u00f6gt blodtryck lyckas s\u00e4nka trycket till m\u00e5lniv\u00e5n 140\/90 (f\u00f6r diabetiker 130\/80). alla med f\u00f6rh\u00f6jda kolesterolv\u00e4rden f\u00e5r ner dem till normal niv\u00e5. alla som idag sitter stilla b\u00f6rjar motionera. efter en hj\u00e4rninfarkt f\u00f6rs\u00f6ka f\u00f6rhindra nya insjuknanden genom att ge blodproppsf\u00f6rebyggande behandling med acetylsalicylsyra [&hellip;]<\/p>\n","protected":false},"author":1,"featured_media":0,"parent":0,"menu_order":3,"comment_status":"closed","ping_status":"open","template":"","meta":[],"_links":{"self":[{"href":"https:\/\/strokeforening.se\/index.php?rest_route=\/wp\/v2\/pages\/36"}],"collection":[{"href":"https:\/\/strokeforening.se\/index.php?rest_route=\/wp\/v2\/pages"}],"about":[{"href":"https:\/\/strokeforening.se\/index.php?rest_route=\/wp\/v2\/types\/page"}],"author":[{"embeddable":true,"href":"https:\/\/strokeforening.se\/index.php?rest_route=\/wp\/v2\/users\/1"}],"replies":[{"embeddable":true,"href":"https:\/\/strokeforening.se\/index.php?rest_route=%2Fwp%2Fv2%2Fcomments&post=36"}],"version-history":[{"count":2,"href":"https:\/\/strokeforening.se\/index.php?rest_route=\/wp\/v2\/pages\/36\/revisions"}],"predecessor-version":[{"id":57,"href":"https:\/\/strokeforening.se\/index.php?rest_route=\/wp\/v2\/pages\/36\/revisions\/57"}],"wp:attachment":[{"href":"https:\/\/strokeforening.se\/index.php?rest_route=%2Fwp%2Fv2%2Fmedia&parent=36"}],"curies":[{"name":"wp","href":"https:\/\/api.w.org\/{rel}","templated":true}]}}