{"id":34,"date":"2014-08-27T13:00:25","date_gmt":"2014-08-27T11:00:25","guid":{"rendered":"http:\/\/strokeforening.se\/?page_id=34"},"modified":"2019-10-17T10:15:42","modified_gmt":"2019-10-17T08:15:42","slug":"ovrigt","status":"publish","type":"page","link":"https:\/\/strokeforening.se\/?page_id=34","title":{"rendered":"\u00d6vrigt"},"content":{"rendered":"<div class=\"textcontent\">\n<h1 class=\"pagetitle\">\u00d6vrigt<\/h1>\n<p>F\u00f6rutom de riskfaktorer som redan n\u00e4mns finns det n\u00e5gra till som \u00e4r v\u00e4rda att ta upp h\u00e4r:<\/p>\n<h3>\u00c4rftlighet<\/h3>\n<p>inneb\u00e4r att vi \u00e4rver anlag f\u00f6r att utveckla en viss sjukdom. Vi \u00e4rver inte anlag f\u00f6r att f\u00e5 stroke, d\u00e4remot kan vi \u00e4rva anlag f\u00f6r att utveckla sjukdomar som i sin tur kan bidra till stroke. Exempel p\u00e5 dessa \u00e4r diabetes och h\u00f6gt blodtryck.<\/p>\n<p>Vi \u00e4rver \u00e4ven v\u00e5r livsstil, vi f\u00f6ljer ofta i v\u00e5ra f\u00f6r\u00e4ldrars fotsp\u00e5r n\u00e4r det g\u00e4ller kost- och motionsvanor.<\/p>\n<h3>Hormonbehandlingar<\/h3>\n<p>med \u00f6strogen vid \u00f6verg\u00e5ngsbesv\u00e4r b\u00f6r f\u00f6reg\u00e5s av en noggrann riskanalys av l\u00e4kare. Har man haft stroke TIA eller hj\u00e4rtflimmer \u00e4r intag av \u00f6strogen inte att rekommendera.<\/p>\n<h3>P-piller<\/h3>\n<p>inneh\u00e5llande \u00f6strogen kan orsaka proppar i benens djupa vener, vilket i sin tur kan leda till stroke. Risken f\u00f6r detta \u00f6kar v\u00e4sentligt om man dessutom \u00e4r r\u00f6kare.<\/p>\n<h3>Partydroger<\/h3>\n<p>som exempelvis amfetamin, kokain och marijuana kan orsaka stroke p\u00e5 olika s\u00e4tt, till exempel: inflammationer och sammandragningar i hj\u00e4rnans blodk\u00e4rl eller pl\u00f6tslig blodtrycks\u00f6kning.<\/p>\n<\/div>\n","protected":false},"excerpt":{"rendered":"<p>\u00d6vrigt F\u00f6rutom de riskfaktorer som redan n\u00e4mns finns det n\u00e5gra till som \u00e4r v\u00e4rda att ta upp h\u00e4r: \u00c4rftlighet inneb\u00e4r att vi \u00e4rver anlag f\u00f6r att utveckla en viss sjukdom. Vi \u00e4rver inte anlag f\u00f6r att f\u00e5 stroke, d\u00e4remot kan vi \u00e4rva anlag f\u00f6r att utveckla sjukdomar som i sin tur kan bidra till stroke. [&hellip;]<\/p>\n","protected":false},"author":1,"featured_media":0,"parent":14,"menu_order":10,"comment_status":"closed","ping_status":"open","template":"","meta":[],"_links":{"self":[{"href":"https:\/\/strokeforening.se\/index.php?rest_route=\/wp\/v2\/pages\/34"}],"collection":[{"href":"https:\/\/strokeforening.se\/index.php?rest_route=\/wp\/v2\/pages"}],"about":[{"href":"https:\/\/strokeforening.se\/index.php?rest_route=\/wp\/v2\/types\/page"}],"author":[{"embeddable":true,"href":"https:\/\/strokeforening.se\/index.php?rest_route=\/wp\/v2\/users\/1"}],"replies":[{"embeddable":true,"href":"https:\/\/strokeforening.se\/index.php?rest_route=%2Fwp%2Fv2%2Fcomments&post=34"}],"version-history":[{"count":3,"href":"https:\/\/strokeforening.se\/index.php?rest_route=\/wp\/v2\/pages\/34\/revisions"}],"predecessor-version":[{"id":274,"href":"https:\/\/strokeforening.se\/index.php?rest_route=\/wp\/v2\/pages\/34\/revisions\/274"}],"up":[{"embeddable":true,"href":"https:\/\/strokeforening.se\/index.php?rest_route=\/wp\/v2\/pages\/14"}],"wp:attachment":[{"href":"https:\/\/strokeforening.se\/index.php?rest_route=%2Fwp%2Fv2%2Fmedia&parent=34"}],"curies":[{"name":"wp","href":"https:\/\/api.w.org\/{rel}","templated":true}]}}