{"id":32,"date":"2014-08-27T12:59:43","date_gmt":"2014-08-27T10:59:43","guid":{"rendered":"http:\/\/strokeforening.se\/?page_id=32"},"modified":"2014-12-19T00:07:58","modified_gmt":"2014-12-18T23:07:58","slug":"minne","status":"publish","type":"page","link":"https:\/\/strokeforening.se\/?page_id=32","title":{"rendered":"Minne"},"content":{"rendered":"<div class=\"textcontent\">\n<h1 class=\"pagetitle\">Minne<\/h1>\n<p>N\u00e5gra av de vanligaste osynliga funktionsneds\u00e4ttningarna \u00e4r: problem med minne, uppm\u00e4rksamhet och tr\u00f6tthet. Det ena leder till det andra \u2013 den som \u00e4r tr\u00f6tt f\u00e5r sv\u00e5rt att koncentrera sig <img decoding=\"async\" loading=\"lazy\" src=\"https:\/\/strokeforening.se\/bild\/right4.gif\" alt=\"Pil till h\u00f6ger\" width=\"40\" height=\"16\" \/>den som har sv\u00e5rt att koncentrera sig f\u00e5r sv\u00e5r att lagra in nya uppgifter <img decoding=\"async\" loading=\"lazy\" src=\"https:\/\/strokeforening.se\/bild\/right4.gif\" alt=\"Pil till h\u00f6ger\" width=\"40\" height=\"16\" \/>den som koncentrerar sig h\u00e5rt k\u00e4nner snart av hj\u00e4rntr\u00f6ttheten.<\/p>\n<h3>Minnessv\u00e5righeter<\/h3>\n<p>\u00e4r en vanlig osynlig konsekvens efter stroke. Oftast \u00e4r det \u00e4r n\u00e4rminnet som p\u00e5verkas men \u00e4ven andra delar av minnet kan bli p\u00e5verkade. Det g\u00f6r att man blir os\u00e4ker pga. att man oftast gl\u00f6mmer saker.<\/p>\n<h3>Koncentrationen<\/h3>\n<p>blir ofta p\u00e5verkad efter stroke. Detta kan leda till att man har sv\u00e5rt att fokusera p\u00e5 en uppgift eller ett samtal en l\u00e4ngre stund och att g\u00f6ra flera saker p\u00e5 en g\u00e5ng.<\/p>\n<h3>Hj\u00e4rntr\u00f6tthet<\/h3>\n<p>en mental tr\u00f6tthet som ibland p\u00e5verkar personens hela vardag, uppst\u00e5r oftast i samband med stroke. Det kan bero p\u00e5 att hj\u00e4rnan f\u00e5r sv\u00e5rare att sortera alla intryck den tar in, men ocks\u00e5 p\u00e5 att det g\u00e5r \u00e5t mycket koncentration och energi att utf\u00f6ra olika aktiviteter. Att vila d\u00e5 och d\u00e5 \u00e4r en klok \u00e5tg\u00e4rd i detta sammanhang.<\/p>\n<\/div>\n<div class=\"tags\"><\/div>\n","protected":false},"excerpt":{"rendered":"<p>Minne N\u00e5gra av de vanligaste osynliga funktionsneds\u00e4ttningarna \u00e4r: problem med minne, uppm\u00e4rksamhet och tr\u00f6tthet. Det ena leder till det andra \u2013 den som \u00e4r tr\u00f6tt f\u00e5r sv\u00e5rt att koncentrera sig den som har sv\u00e5rt att koncentrera sig f\u00e5r sv\u00e5r att lagra in nya uppgifter den som koncentrerar sig h\u00e5rt k\u00e4nner snart av hj\u00e4rntr\u00f6ttheten. Minnessv\u00e5righeter \u00e4r [&hellip;]<\/p>\n","protected":false},"author":1,"featured_media":0,"parent":14,"menu_order":9,"comment_status":"closed","ping_status":"open","template":"","meta":[],"_links":{"self":[{"href":"https:\/\/strokeforening.se\/index.php?rest_route=\/wp\/v2\/pages\/32"}],"collection":[{"href":"https:\/\/strokeforening.se\/index.php?rest_route=\/wp\/v2\/pages"}],"about":[{"href":"https:\/\/strokeforening.se\/index.php?rest_route=\/wp\/v2\/types\/page"}],"author":[{"embeddable":true,"href":"https:\/\/strokeforening.se\/index.php?rest_route=\/wp\/v2\/users\/1"}],"replies":[{"embeddable":true,"href":"https:\/\/strokeforening.se\/index.php?rest_route=%2Fwp%2Fv2%2Fcomments&post=32"}],"version-history":[{"count":4,"href":"https:\/\/strokeforening.se\/index.php?rest_route=\/wp\/v2\/pages\/32\/revisions"}],"predecessor-version":[{"id":118,"href":"https:\/\/strokeforening.se\/index.php?rest_route=\/wp\/v2\/pages\/32\/revisions\/118"}],"up":[{"embeddable":true,"href":"https:\/\/strokeforening.se\/index.php?rest_route=\/wp\/v2\/pages\/14"}],"wp:attachment":[{"href":"https:\/\/strokeforening.se\/index.php?rest_route=%2Fwp%2Fv2%2Fmedia&parent=32"}],"curies":[{"name":"wp","href":"https:\/\/api.w.org\/{rel}","templated":true}]}}