{"id":30,"date":"2014-08-27T12:59:18","date_gmt":"2014-08-27T10:59:18","guid":{"rendered":"http:\/\/strokeforening.se\/?page_id=30"},"modified":"2014-08-27T13:12:18","modified_gmt":"2014-08-27T11:12:18","slug":"metabolism","status":"publish","type":"page","link":"https:\/\/strokeforening.se\/?page_id=30","title":{"rendered":"Metabolism"},"content":{"rendered":"<div class=\"textcontent\">\n<h1 class=\"pagetitle\">Metabolism<\/h1>\n<p>Metabolism eller det metabola syndromet inneb\u00e4r att man har flera olika riskfaktorer, vanligen h\u00f6gt blodtryck, insulinresistens, bukfetma och blodfettsrubbning (dyslipidemi). Detta kan leda till stroke och hj\u00e4rt- och k\u00e4rlsjukdomar.<\/p>\n<h3>Bukfetma<\/h3>\n<p>orsakas ofta av felaktig kost, brist p\u00e5 motion och stress. \u00c4rftlighet har ocks\u00e5 viss betydelse. Stresshormonerna samlar ihop en dep\u00e5 av fett b\u00e5de utanp\u00e5 magen och innanf\u00f6r bukv\u00e4ggen i bukh\u00e5lan och runt tarmarna.<\/p>\n<h3>Insulinresistens<\/h3>\n<p>inneb\u00e4r att cellernas k\u00e4nslighet f\u00f6r insulin minskar. N\u00e4r insulinet inte l\u00e4ngre kan bidra till musklernas energibehov \u00f6kar sockerm\u00e4ngden i blodet. N\u00e4r insulinet inte l\u00e4nge klarar av att h\u00e5lla blodsockret p\u00e5 r\u00e4tt niv\u00e5 utvecklas \u00e5ldersdiabetes.<\/p>\n<h3>Blodfettsrubbning<\/h3>\n<p>uppst\u00e5r p\u00e5 grund av att bukfetman f\u00f6rser levern med f\u00f6r mycket fett, vilket g\u00f6r att blodfetterna \u00f6kar. Halten av det onda kolesterolet stiger, triglyceridhalten stiger ocks\u00e5 medan det goda kolesterolet sjunker. Detta medf\u00f6r en \u00f6kad risk f\u00f6r stroke.<\/p>\n<h3>H\u00f6gt blodtryck<\/h3>\n<p>\u00e4r vanligt vid stigande \u00e5lder och \u00e4r en vanlig orsak till hj\u00e4rt- och k\u00e4rlsjukdomar.<\/p>\n<\/div>\n","protected":false},"excerpt":{"rendered":"<p>Metabolism Metabolism eller det metabola syndromet inneb\u00e4r att man har flera olika riskfaktorer, vanligen h\u00f6gt blodtryck, insulinresistens, bukfetma och blodfettsrubbning (dyslipidemi). Detta kan leda till stroke och hj\u00e4rt- och k\u00e4rlsjukdomar. Bukfetma orsakas ofta av felaktig kost, brist p\u00e5 motion och stress. \u00c4rftlighet har ocks\u00e5 viss betydelse. Stresshormonerna samlar ihop en dep\u00e5 av fett b\u00e5de utanp\u00e5 [&hellip;]<\/p>\n","protected":false},"author":1,"featured_media":0,"parent":14,"menu_order":8,"comment_status":"closed","ping_status":"open","template":"","meta":[],"_links":{"self":[{"href":"https:\/\/strokeforening.se\/index.php?rest_route=\/wp\/v2\/pages\/30"}],"collection":[{"href":"https:\/\/strokeforening.se\/index.php?rest_route=\/wp\/v2\/pages"}],"about":[{"href":"https:\/\/strokeforening.se\/index.php?rest_route=\/wp\/v2\/types\/page"}],"author":[{"embeddable":true,"href":"https:\/\/strokeforening.se\/index.php?rest_route=\/wp\/v2\/users\/1"}],"replies":[{"embeddable":true,"href":"https:\/\/strokeforening.se\/index.php?rest_route=%2Fwp%2Fv2%2Fcomments&post=30"}],"version-history":[{"count":2,"href":"https:\/\/strokeforening.se\/index.php?rest_route=\/wp\/v2\/pages\/30\/revisions"}],"predecessor-version":[{"id":54,"href":"https:\/\/strokeforening.se\/index.php?rest_route=\/wp\/v2\/pages\/30\/revisions\/54"}],"up":[{"embeddable":true,"href":"https:\/\/strokeforening.se\/index.php?rest_route=\/wp\/v2\/pages\/14"}],"wp:attachment":[{"href":"https:\/\/strokeforening.se\/index.php?rest_route=%2Fwp%2Fv2%2Fmedia&parent=30"}],"curies":[{"name":"wp","href":"https:\/\/api.w.org\/{rel}","templated":true}]}}