{"id":28,"date":"2014-08-27T12:58:56","date_gmt":"2014-08-27T10:58:56","guid":{"rendered":"http:\/\/strokeforening.se\/?page_id=28"},"modified":"2014-08-27T13:11:48","modified_gmt":"2014-08-27T11:11:48","slug":"stress","status":"publish","type":"page","link":"https:\/\/strokeforening.se\/?page_id=28","title":{"rendered":"Stress"},"content":{"rendered":"<div class=\"textcontent\">\n<h1 class=\"pagetitle\">Stress<\/h1>\n<p>Stress kan p\u00e5verka v\u00e5r kropp fysiskt och psykiskt, b\u00e5de positivt och negativt. Enligt Socialstyrelsen finns det ett troligt samband mellan stressfyllda livssituationer och de flesta av v\u00e5ra folksjukdomar, varav stroke \u00e4r en. Stress \u00e4r en reaktion som vi alla uppvisar i vissa situationer, men det \u00e4r inte bara stressfaktorerna i v\u00e5r omgivning som spelar roll, utan \u00e4ven hur vi sj\u00e4lva kan hantera stressen.<strong>\u00a0<\/strong><\/p>\n<p>Det \u00e4r inte den tillf\u00e4lliga stressen som \u00e4r farlig f\u00f6r oss, utan det \u00e4r n\u00e4r stressen blir l\u00e5ngvarig och p\u00e5verkar v\u00e5rt vardagsliv som vi m\u00e5ste se upp med.<\/p>\n<hr \/>\n<p><strong>L\u00e5ngvarig stress kan bland annat ge \u00f6kat blodtryck, \u00f6kad bukfetma, f\u00f6rh\u00f6jt blodsocker och f\u00f6rh\u00f6jda blodfetter.<\/strong><\/p>\n<hr \/>\n<h3>Tecken p\u00e5 att stressen b\u00f6rjar ta \u00f6verhand \u00e4r bland annat \u2026<\/h3>\n<ul>\n<li>att man \u00e4r tr\u00f6tt fast man sovit l\u00e4nge och ost\u00f6rt<\/li>\n<li>att man f\u00e5r sv\u00e5rare att engagera sig som tidigare<\/li>\n<li>att man blir l\u00e4ttretlig<\/li>\n<li>att man f\u00e5r diffusa kroppsliga symtom som ont i magen\/huvudet eller upplever att hj\u00e4rtat ofta sl\u00e5r dubbelslag.<\/li>\n<\/ul>\n<\/div>\n","protected":false},"excerpt":{"rendered":"<p>Stress Stress kan p\u00e5verka v\u00e5r kropp fysiskt och psykiskt, b\u00e5de positivt och negativt. Enligt Socialstyrelsen finns det ett troligt samband mellan stressfyllda livssituationer och de flesta av v\u00e5ra folksjukdomar, varav stroke \u00e4r en. Stress \u00e4r en reaktion som vi alla uppvisar i vissa situationer, men det \u00e4r inte bara stressfaktorerna i v\u00e5r omgivning som spelar [&hellip;]<\/p>\n","protected":false},"author":1,"featured_media":0,"parent":14,"menu_order":7,"comment_status":"closed","ping_status":"open","template":"","meta":[],"_links":{"self":[{"href":"https:\/\/strokeforening.se\/index.php?rest_route=\/wp\/v2\/pages\/28"}],"collection":[{"href":"https:\/\/strokeforening.se\/index.php?rest_route=\/wp\/v2\/pages"}],"about":[{"href":"https:\/\/strokeforening.se\/index.php?rest_route=\/wp\/v2\/types\/page"}],"author":[{"embeddable":true,"href":"https:\/\/strokeforening.se\/index.php?rest_route=\/wp\/v2\/users\/1"}],"replies":[{"embeddable":true,"href":"https:\/\/strokeforening.se\/index.php?rest_route=%2Fwp%2Fv2%2Fcomments&post=28"}],"version-history":[{"count":2,"href":"https:\/\/strokeforening.se\/index.php?rest_route=\/wp\/v2\/pages\/28\/revisions"}],"predecessor-version":[{"id":53,"href":"https:\/\/strokeforening.se\/index.php?rest_route=\/wp\/v2\/pages\/28\/revisions\/53"}],"up":[{"embeddable":true,"href":"https:\/\/strokeforening.se\/index.php?rest_route=\/wp\/v2\/pages\/14"}],"wp:attachment":[{"href":"https:\/\/strokeforening.se\/index.php?rest_route=%2Fwp%2Fv2%2Fmedia&parent=28"}],"curies":[{"name":"wp","href":"https:\/\/api.w.org\/{rel}","templated":true}]}}