{"id":26,"date":"2014-08-27T12:58:30","date_gmt":"2014-08-27T10:58:30","guid":{"rendered":"http:\/\/strokeforening.se\/?page_id=26"},"modified":"2014-08-27T13:11:18","modified_gmt":"2014-08-27T11:11:18","slug":"typ-2-diabetes","status":"publish","type":"page","link":"https:\/\/strokeforening.se\/?page_id=26","title":{"rendered":"Typ 2-diabetes"},"content":{"rendered":"<div class=\"textcontent\">\n<h1 class=\"pagetitle\">Typ 2-diabetes<\/h1>\n<p>Typ 2-diabetes, \u00e4ven kallad \u00e5lderdiabetes, \u00e4r en klar riskfaktor f\u00f6r att f\u00e5 stroke. Diabetes p\u00e5skyndar \u00e5derf\u00f6rkalkning, vilket i sin tur kan leda till hj\u00e4rt- och k\u00e4rlsjukdomar. D\u00e4rf\u00f6r \u00e4r det extra viktigt f\u00f6r den som har diabetes att h\u00e5lla blodtrycket p\u00e5 en l\u00e5g niv\u00e5, det vill s\u00e4ga under 130\/80! Genom att sk\u00f6ta din diabetes minskar man risken f\u00f6r f\u00f6ljdsjukdomar.<\/p>\n<p>Typ 2-diabetes inneb\u00e4r att man har ett kroniskt f\u00f6rh\u00f6jt blodsocker. Orsaken \u00e4r att insulinet som bildas i bukspottsk\u00f6rteln inte uts\u00f6ndras i blodet i tillr\u00e4cklig m\u00e4ngd n\u00e4r man \u00e4ter. Utan tillr\u00e4cklig m\u00e4ngd insulin stiger blodsockret n\u00e4r vi \u00e4ter.<\/p>\n<p>Insulin \u00e4r ett hormon som beh\u00f6vs f\u00f6r att musklerna ska kunna ta upp socker fr\u00e5n blodet. Sockret ger musklerna energi.<\/p>\n<p>Typ 2-diabetes har blivit vanligare de senaste \u00e5ren, vilket till stor del beror p\u00e5 v\u00e5r livsstil. Ny forskning visar att det \u00e4r cirka fyra till fem g\u00e5nger h\u00f6gre risk att utveckla diabetes om man \u00e4r \u00f6verviktig. Om man samtidigt har diabetes i sl\u00e4kten blir risken 25 g\u00e5nger h\u00f6gre.<\/p>\n<p>Symtomen vid diabetes kan vara tr\u00f6tthet, muntorrhet och \u00f6kad t\u00f6rst. Det \u00e4r viktigt att kontrollera blodsockerv\u00e4rdet. Om man ingriper i tid kan det r\u00e4cka med livsstilsf\u00f6r\u00e4ndringar f\u00f6r att f\u00e5 slippa sjukdomen. Riskfaktorerna f\u00f6r att f\u00e5 diabetes \u00e4r felaktig kost, bristande fysisk aktivitet, stress och \u00e4rftlighet.<\/p>\n<\/div>\n","protected":false},"excerpt":{"rendered":"<p>Typ 2-diabetes Typ 2-diabetes, \u00e4ven kallad \u00e5lderdiabetes, \u00e4r en klar riskfaktor f\u00f6r att f\u00e5 stroke. Diabetes p\u00e5skyndar \u00e5derf\u00f6rkalkning, vilket i sin tur kan leda till hj\u00e4rt- och k\u00e4rlsjukdomar. D\u00e4rf\u00f6r \u00e4r det extra viktigt f\u00f6r den som har diabetes att h\u00e5lla blodtrycket p\u00e5 en l\u00e5g niv\u00e5, det vill s\u00e4ga under 130\/80! Genom att sk\u00f6ta din diabetes [&hellip;]<\/p>\n","protected":false},"author":1,"featured_media":0,"parent":14,"menu_order":6,"comment_status":"closed","ping_status":"open","template":"","meta":[],"_links":{"self":[{"href":"https:\/\/strokeforening.se\/index.php?rest_route=\/wp\/v2\/pages\/26"}],"collection":[{"href":"https:\/\/strokeforening.se\/index.php?rest_route=\/wp\/v2\/pages"}],"about":[{"href":"https:\/\/strokeforening.se\/index.php?rest_route=\/wp\/v2\/types\/page"}],"author":[{"embeddable":true,"href":"https:\/\/strokeforening.se\/index.php?rest_route=\/wp\/v2\/users\/1"}],"replies":[{"embeddable":true,"href":"https:\/\/strokeforening.se\/index.php?rest_route=%2Fwp%2Fv2%2Fcomments&post=26"}],"version-history":[{"count":2,"href":"https:\/\/strokeforening.se\/index.php?rest_route=\/wp\/v2\/pages\/26\/revisions"}],"predecessor-version":[{"id":52,"href":"https:\/\/strokeforening.se\/index.php?rest_route=\/wp\/v2\/pages\/26\/revisions\/52"}],"up":[{"embeddable":true,"href":"https:\/\/strokeforening.se\/index.php?rest_route=\/wp\/v2\/pages\/14"}],"wp:attachment":[{"href":"https:\/\/strokeforening.se\/index.php?rest_route=%2Fwp%2Fv2%2Fmedia&parent=26"}],"curies":[{"name":"wp","href":"https:\/\/api.w.org\/{rel}","templated":true}]}}