{"id":24,"date":"2014-08-27T12:57:56","date_gmt":"2014-08-27T10:57:56","guid":{"rendered":"http:\/\/strokeforening.se\/?page_id=24"},"modified":"2014-12-19T00:26:54","modified_gmt":"2014-12-18T23:26:54","slug":"hjartsjukdomar","status":"publish","type":"page","link":"https:\/\/strokeforening.se\/?page_id=24","title":{"rendered":"Hj\u00e4rtsjukdomar"},"content":{"rendered":"<h1 class=\"pagetitle\">Hj\u00e4rtsjukdomar<\/h1>\n<div class=\"textcontent\">\n<p>Vissa hj\u00e4rtsjukdomar medf\u00f6r \u00f6kad risk f\u00f6r att insjukna i stroke. Till dessa h\u00f6r hj\u00e4rtinfarkt, k\u00e4rlkramp och framf\u00f6r allt f\u00f6rmaksflimmer.<\/p>\n<p>F\u00f6rmaksflimmer inneb\u00e4r att man har en kroniskt oregelbunden hj\u00e4rtverksamhet. En del m\u00e4nniskor med f\u00f6rmaksflimmer upplever det som om hj\u00e4rtat sl\u00e5r extraslag ibland eller som om det \u201dhopar \u00f6ver\u201d n\u00e5gra slag. Andra symtom kan vara andn\u00f6d, hj\u00e4rtklappning, s\u00e4mre ork eller oregelbunden hj\u00e4rtrytm. En del k\u00e4nner inte av n\u00e5gra symtom alls.<\/p>\n<p>F\u00f6r att fastst\u00e4lla diagnosen f\u00f6rmaksflimmer g\u00f6rs ett EKG, ibland kan \u00e4ven andra unders\u00f6kningar vara n\u00f6dv\u00e4ndiga.<\/p>\n<p><img decoding=\"async\" class=\"aligncenter\" src=\"https:\/\/strokeforening.se\/bild\/hjarta.gif\" alt=\"\" \/>Eftersom risken f\u00f6r att f\u00e5 stroke \u00f6kar markant vid f\u00f6rmaksflimmer \u00e4r det viktigt att man medicinerar f\u00f6rebyggande. Vanligast \u00e4r s\u00e5 kallad \u201dblodf\u00f6rtunnande medicin\u201d \u2013 warfarin. Om patienten har \u00f6kad bl\u00f6dningsrisk anv\u00e4nds i st\u00e4llet acetylsalicylsyra (ASA). Vetenskapliga studier har visat att behandling med warfarin kan minska risken f\u00f6r stroke med upp emot 70 procent.<\/p>\n<p>P\u00e5 grund av den oregelbundna hj\u00e4rtrytmen kan det bildas proppar i hj\u00e4rtats f\u00f6rmak d\u00e4r blodet rinner l\u00e5ngsammare och ibland st\u00e5r helt stilla. Om propparna slungas iv\u00e4g oh f\u00f6ljer med blodstr\u00f6mmen upp genom art\u00e4rerna mot hj\u00e4rnan kan de orsaka hj\u00e4rninfarkt.<\/p>\n<p>F\u00f6rmaksflimmer kan vara kombinerat med hj\u00e4rtsvikt. Detta beror d\u00e5 p\u00e5 at hj\u00e4rtats pumpf\u00f6rm\u00e5ga blivit s\u00e4mre. Hj\u00e4rtsvikt r\u00e4knas som en av de sv\u00e5rare hj\u00e4rtsjukdomarna.<\/p>\n<p>F\u00f6r att undvika att drabbas av hj\u00e4rtsjukdomar b\u00f6r vi sluta r\u00f6ka, behandla h\u00f6gt blodtyck, se \u00f6ver v\u00e5r kost, minska p\u00e5 saltintaget, motionera regelbundet och undvika alkohol i st\u00f6rre m\u00e4ngder.<\/p>\n<\/div>\n","protected":false},"excerpt":{"rendered":"<p>Hj\u00e4rtsjukdomar Vissa hj\u00e4rtsjukdomar medf\u00f6r \u00f6kad risk f\u00f6r att insjukna i stroke. Till dessa h\u00f6r hj\u00e4rtinfarkt, k\u00e4rlkramp och framf\u00f6r allt f\u00f6rmaksflimmer. F\u00f6rmaksflimmer inneb\u00e4r att man har en kroniskt oregelbunden hj\u00e4rtverksamhet. En del m\u00e4nniskor med f\u00f6rmaksflimmer upplever det som om hj\u00e4rtat sl\u00e5r extraslag ibland eller som om det \u201dhopar \u00f6ver\u201d n\u00e5gra slag. Andra symtom kan vara andn\u00f6d, [&hellip;]<\/p>\n","protected":false},"author":1,"featured_media":0,"parent":14,"menu_order":5,"comment_status":"closed","ping_status":"open","template":"","meta":[],"_links":{"self":[{"href":"https:\/\/strokeforening.se\/index.php?rest_route=\/wp\/v2\/pages\/24"}],"collection":[{"href":"https:\/\/strokeforening.se\/index.php?rest_route=\/wp\/v2\/pages"}],"about":[{"href":"https:\/\/strokeforening.se\/index.php?rest_route=\/wp\/v2\/types\/page"}],"author":[{"embeddable":true,"href":"https:\/\/strokeforening.se\/index.php?rest_route=\/wp\/v2\/users\/1"}],"replies":[{"embeddable":true,"href":"https:\/\/strokeforening.se\/index.php?rest_route=%2Fwp%2Fv2%2Fcomments&post=24"}],"version-history":[{"count":2,"href":"https:\/\/strokeforening.se\/index.php?rest_route=\/wp\/v2\/pages\/24\/revisions"}],"predecessor-version":[{"id":129,"href":"https:\/\/strokeforening.se\/index.php?rest_route=\/wp\/v2\/pages\/24\/revisions\/129"}],"up":[{"embeddable":true,"href":"https:\/\/strokeforening.se\/index.php?rest_route=\/wp\/v2\/pages\/14"}],"wp:attachment":[{"href":"https:\/\/strokeforening.se\/index.php?rest_route=%2Fwp%2Fv2%2Fmedia&parent=24"}],"curies":[{"name":"wp","href":"https:\/\/api.w.org\/{rel}","templated":true}]}}