{"id":20,"date":"2014-08-27T12:57:05","date_gmt":"2014-08-27T10:57:05","guid":{"rendered":"http:\/\/strokeforening.se\/?page_id=20"},"modified":"2014-08-27T13:10:28","modified_gmt":"2014-08-27T11:10:28","slug":"aterosklreos","status":"publish","type":"page","link":"https:\/\/strokeforening.se\/?page_id=20","title":{"rendered":"Aterosklreos"},"content":{"rendered":"<div class=\"textcontent\">\n<h1 class=\"pagetitle\">Aterosklreos<\/h1>\n<p>\u00c5derf\u00f6rkalkning inneb\u00e4r att \u00f6ppningen i v\u00e5ra blodk\u00e4rl blir allt tr\u00e4ngre med \u00e5ren och att ytan i k\u00e4rlen blir oregelbunden. Oregelbundenheten beror p\u00e5 att fett, kalcium celler och \u00e4rrv\u00e4vnad bildar en inlagring i blod\u00e5dern. Inlagringen ger upphov till plack (en bula) i k\u00e4rlv\u00e4ggen samt en \u00f6kad stelhet i k\u00e4rlen.<\/p>\n<p>Blodet f\u00e5r sv\u00e5rare att passera fritt, en blodpropp kan bildas och t\u00e4ppa till blodk\u00e4rlet vilket i sin tur kan leda till en hj\u00e4rninfarkt. Normalt sett \u00e4r \u00e5derf\u00f6rkalkning en l\u00e5ngsam process under en stor del av v\u00e5ra liv, men ibland kan \u00e5derf\u00f6rkalkningen ske snabbare och leda till stroke eller hj\u00e4rninfarkt redan tidigt i livet.<\/p>\n<p>\u00c5derf\u00f6rkalkningen leder ocks\u00e5 till att k\u00e4rlen blir allt sk\u00f6rare och en bl\u00f6dning kan d\u00e5 l\u00e4ttare uppst\u00e5. Orsaker till \u00f6kad \u00e5derf\u00f6rkalkning \u00e4r: h\u00f6gt blodtryck, r\u00f6kning, h\u00f6ga blodsockerv\u00e4rden, h\u00f6gt kolesterol, brist p\u00e5 motion och till sist h\u00f6g \u00e5lder.<\/p>\n<hr \/>\n<p><strong>\u00c5ldern kan vi inte p\u00e5verka, men vi kan p\u00e5verka graden av \u00e5derf\u00f6rkalkning genom att \u00e4ndra p\u00e5 v\u00e5r livsstil.<\/strong><\/p>\n<hr \/>\n<\/div>\n<div class=\"tags\"><\/div>\n","protected":false},"excerpt":{"rendered":"<p>Aterosklreos \u00c5derf\u00f6rkalkning inneb\u00e4r att \u00f6ppningen i v\u00e5ra blodk\u00e4rl blir allt tr\u00e4ngre med \u00e5ren och att ytan i k\u00e4rlen blir oregelbunden. Oregelbundenheten beror p\u00e5 att fett, kalcium celler och \u00e4rrv\u00e4vnad bildar en inlagring i blod\u00e5dern. Inlagringen ger upphov till plack (en bula) i k\u00e4rlv\u00e4ggen samt en \u00f6kad stelhet i k\u00e4rlen. Blodet f\u00e5r sv\u00e5rare att passera fritt, [&hellip;]<\/p>\n","protected":false},"author":1,"featured_media":0,"parent":14,"menu_order":3,"comment_status":"closed","ping_status":"open","template":"","meta":[],"_links":{"self":[{"href":"https:\/\/strokeforening.se\/index.php?rest_route=\/wp\/v2\/pages\/20"}],"collection":[{"href":"https:\/\/strokeforening.se\/index.php?rest_route=\/wp\/v2\/pages"}],"about":[{"href":"https:\/\/strokeforening.se\/index.php?rest_route=\/wp\/v2\/types\/page"}],"author":[{"embeddable":true,"href":"https:\/\/strokeforening.se\/index.php?rest_route=\/wp\/v2\/users\/1"}],"replies":[{"embeddable":true,"href":"https:\/\/strokeforening.se\/index.php?rest_route=%2Fwp%2Fv2%2Fcomments&post=20"}],"version-history":[{"count":2,"href":"https:\/\/strokeforening.se\/index.php?rest_route=\/wp\/v2\/pages\/20\/revisions"}],"predecessor-version":[{"id":50,"href":"https:\/\/strokeforening.se\/index.php?rest_route=\/wp\/v2\/pages\/20\/revisions\/50"}],"up":[{"embeddable":true,"href":"https:\/\/strokeforening.se\/index.php?rest_route=\/wp\/v2\/pages\/14"}],"wp:attachment":[{"href":"https:\/\/strokeforening.se\/index.php?rest_route=%2Fwp%2Fv2%2Fmedia&parent=20"}],"curies":[{"name":"wp","href":"https:\/\/api.w.org\/{rel}","templated":true}]}}