{"id":18,"date":"2014-08-27T12:56:43","date_gmt":"2014-08-27T10:56:43","guid":{"rendered":"http:\/\/strokeforening.se\/?page_id=18"},"modified":"2014-08-27T13:10:06","modified_gmt":"2014-08-27T11:10:06","slug":"rokning","status":"publish","type":"page","link":"https:\/\/strokeforening.se\/?page_id=18","title":{"rendered":"R\u00f6kning"},"content":{"rendered":"<div class=\"textcontent\">\n<h1 class=\"pagetitle\">R\u00f6kning<\/h1>\n<p>R\u00f6kning flerdubblar risken f\u00f6r att insjukna i stroke eftersom r\u00f6kningen p\u00e5skyndar f\u00f6rkalkningen i v\u00e5ra k\u00e4rl. Detta g\u00e4ller all tobaksr\u00f6kning. \u00c4ven passiv r\u00f6kning anses vara en riskfaktor, men givetvis inte i samma omfattning som n\u00e4r man sj\u00e4lv \u00e4r r\u00f6kare. Risken \u00e4r relaterad till antalet \u00e5r som r\u00f6kare samt till antalet cigaretter per dag.<strong>\u00a0<\/strong><\/p>\n<p>Nyare forskning visar att kvinnliga r\u00f6kare l\u00f6per 20 % st\u00f6rre risk f\u00f6r att f\u00e5 stroke \u00e4n manliga.<\/p>\n<hr \/>\n<p><strong>Det \u00e4r aldrig f\u00f6r sent att sluta r\u00f6ka!<\/strong><\/p>\n<hr \/>\n<p>R\u00f6kning \u00e4r den enda riskfaktorn du kan p\u00e5verka direkt genom att sluta r\u00f6ka. S\u00e5 fort du slutat minskar risken f\u00f6r att insjukna i stroke successivt. Efter fem till \u00e5tta \u00e5r anses den vara j\u00e4mf\u00f6rbar med en icke-r\u00f6kares risk.<\/p>\n<\/div>\n","protected":false},"excerpt":{"rendered":"<p>R\u00f6kning R\u00f6kning flerdubblar risken f\u00f6r att insjukna i stroke eftersom r\u00f6kningen p\u00e5skyndar f\u00f6rkalkningen i v\u00e5ra k\u00e4rl. Detta g\u00e4ller all tobaksr\u00f6kning. \u00c4ven passiv r\u00f6kning anses vara en riskfaktor, men givetvis inte i samma omfattning som n\u00e4r man sj\u00e4lv \u00e4r r\u00f6kare. Risken \u00e4r relaterad till antalet \u00e5r som r\u00f6kare samt till antalet cigaretter per dag.\u00a0 Nyare forskning [&hellip;]<\/p>\n","protected":false},"author":1,"featured_media":0,"parent":14,"menu_order":2,"comment_status":"closed","ping_status":"open","template":"","meta":[],"_links":{"self":[{"href":"https:\/\/strokeforening.se\/index.php?rest_route=\/wp\/v2\/pages\/18"}],"collection":[{"href":"https:\/\/strokeforening.se\/index.php?rest_route=\/wp\/v2\/pages"}],"about":[{"href":"https:\/\/strokeforening.se\/index.php?rest_route=\/wp\/v2\/types\/page"}],"author":[{"embeddable":true,"href":"https:\/\/strokeforening.se\/index.php?rest_route=\/wp\/v2\/users\/1"}],"replies":[{"embeddable":true,"href":"https:\/\/strokeforening.se\/index.php?rest_route=%2Fwp%2Fv2%2Fcomments&post=18"}],"version-history":[{"count":2,"href":"https:\/\/strokeforening.se\/index.php?rest_route=\/wp\/v2\/pages\/18\/revisions"}],"predecessor-version":[{"id":49,"href":"https:\/\/strokeforening.se\/index.php?rest_route=\/wp\/v2\/pages\/18\/revisions\/49"}],"up":[{"embeddable":true,"href":"https:\/\/strokeforening.se\/index.php?rest_route=\/wp\/v2\/pages\/14"}],"wp:attachment":[{"href":"https:\/\/strokeforening.se\/index.php?rest_route=%2Fwp%2Fv2%2Fmedia&parent=18"}],"curies":[{"name":"wp","href":"https:\/\/api.w.org\/{rel}","templated":true}]}}