{"id":14,"date":"2014-08-27T12:55:33","date_gmt":"2014-08-27T10:55:33","guid":{"rendered":"http:\/\/strokeforening.se\/?page_id=14"},"modified":"2014-08-27T12:55:33","modified_gmt":"2014-08-27T10:55:33","slug":"riskfaktorer","status":"publish","type":"page","link":"https:\/\/strokeforening.se\/?page_id=14","title":{"rendered":"Riskfaktorer"},"content":{"rendered":"<h1 class=\"pagetitle\">Riskfaktorer<\/h1>\n<div class=\"textcontent\">\n<p>En kombination av flera riskfaktorer m\u00e5ngdubblar risken att f\u00e5 stroke.<\/p>\n<p>Du kan sj\u00e4lv g\u00f6ra mycket f\u00f6r att p\u00e5verka din risk genom att h\u00e5lla koll p\u00e5 blodtrycket och leva ett sunt liv.<\/p>\n<p>Klicka p\u00e5 rubrikerna ovan f\u00f6r att l\u00e4sa mer om olika riskfaktorer.<\/p>\n<\/div>\n","protected":false},"excerpt":{"rendered":"<p>Riskfaktorer En kombination av flera riskfaktorer m\u00e5ngdubblar risken att f\u00e5 stroke. Du kan sj\u00e4lv g\u00f6ra mycket f\u00f6r att p\u00e5verka din risk genom att h\u00e5lla koll p\u00e5 blodtrycket och leva ett sunt liv. Klicka p\u00e5 rubrikerna ovan f\u00f6r att l\u00e4sa mer om olika riskfaktorer.<\/p>\n","protected":false},"author":1,"featured_media":0,"parent":0,"menu_order":2,"comment_status":"closed","ping_status":"open","template":"","meta":[],"_links":{"self":[{"href":"https:\/\/strokeforening.se\/index.php?rest_route=\/wp\/v2\/pages\/14"}],"collection":[{"href":"https:\/\/strokeforening.se\/index.php?rest_route=\/wp\/v2\/pages"}],"about":[{"href":"https:\/\/strokeforening.se\/index.php?rest_route=\/wp\/v2\/types\/page"}],"author":[{"embeddable":true,"href":"https:\/\/strokeforening.se\/index.php?rest_route=\/wp\/v2\/users\/1"}],"replies":[{"embeddable":true,"href":"https:\/\/strokeforening.se\/index.php?rest_route=%2Fwp%2Fv2%2Fcomments&post=14"}],"version-history":[{"count":1,"href":"https:\/\/strokeforening.se\/index.php?rest_route=\/wp\/v2\/pages\/14\/revisions"}],"predecessor-version":[{"id":15,"href":"https:\/\/strokeforening.se\/index.php?rest_route=\/wp\/v2\/pages\/14\/revisions\/15"}],"wp:attachment":[{"href":"https:\/\/strokeforening.se\/index.php?rest_route=%2Fwp%2Fv2%2Fmedia&parent=14"}],"curies":[{"name":"wp","href":"https:\/\/api.w.org\/{rel}","templated":true}]}}