{"id":12,"date":"2014-08-27T12:55:02","date_gmt":"2014-08-27T10:55:02","guid":{"rendered":"http:\/\/strokeforening.se\/?page_id=12"},"modified":"2014-08-27T13:09:12","modified_gmt":"2014-08-27T11:09:12","slug":"om-stroke","status":"publish","type":"page","link":"https:\/\/strokeforening.se\/?page_id=12","title":{"rendered":"Om stroke"},"content":{"rendered":"<div class=\"textcontent\">\n<h1 class=\"pagetitle\">Om stroke<\/h1>\n<p>Stroke \u00e4r ett samlingsnamn f\u00f6r hj\u00e4rninfarkt (propp) och hj\u00e4rnbl\u00f6dning. 85 procent av alla som insjuknar har f\u00e5tt en propp i hj\u00e4rnan.Var 17:e minut f\u00e5r n\u00e5gon i Sverige stroke, dvs ca 30 000 personer varje \u00e5r. Av dessa \u00e4r det hela 20 procent som \u00e4r i yrkesverksam \u00e5lder. Samh\u00e4llets kostnader f\u00f6r stroke ber\u00e4knas till minst 14 miljarder kronor per \u00e5r.<\/p>\n<p>Funktionsneds\u00e4ttningar efter stroke kan vara b\u00e5de fysiska, kognitiva (intellektuella), psykosociala och k\u00e4nslom\u00e4ssiga. En del \u00e4r synliga medan andra \u00e4r osynliga.<\/p>\n<p>En kombination av flera riskfaktorer m\u00e5ngdubblar risken att f\u00e5 stroke. Du kan sj\u00e4lv g\u00f6ra mycket f\u00f6r att p\u00e5verka din risk genom att h\u00e5lla koll p\u00e5 blodtrycket och leva ett sunt liv. Skellefte\u00e5s Strokef\u00f6rening tillsammans med Stroke-Riksf\u00f6rbundet \u00e4r h\u00e4r f\u00f6r att ge dig den information och verktyg du beh\u00f6ver.<\/p>\n<\/div>\n","protected":false},"excerpt":{"rendered":"<p>Om stroke Stroke \u00e4r ett samlingsnamn f\u00f6r hj\u00e4rninfarkt (propp) och hj\u00e4rnbl\u00f6dning. 85 procent av alla som insjuknar har f\u00e5tt en propp i hj\u00e4rnan.Var 17:e minut f\u00e5r n\u00e5gon i Sverige stroke, dvs ca 30 000 personer varje \u00e5r. Av dessa \u00e4r det hela 20 procent som \u00e4r i yrkesverksam \u00e5lder. Samh\u00e4llets kostnader f\u00f6r stroke ber\u00e4knas till [&hellip;]<\/p>\n","protected":false},"author":1,"featured_media":0,"parent":0,"menu_order":1,"comment_status":"closed","ping_status":"open","template":"","meta":[],"_links":{"self":[{"href":"https:\/\/strokeforening.se\/index.php?rest_route=\/wp\/v2\/pages\/12"}],"collection":[{"href":"https:\/\/strokeforening.se\/index.php?rest_route=\/wp\/v2\/pages"}],"about":[{"href":"https:\/\/strokeforening.se\/index.php?rest_route=\/wp\/v2\/types\/page"}],"author":[{"embeddable":true,"href":"https:\/\/strokeforening.se\/index.php?rest_route=\/wp\/v2\/users\/1"}],"replies":[{"embeddable":true,"href":"https:\/\/strokeforening.se\/index.php?rest_route=%2Fwp%2Fv2%2Fcomments&post=12"}],"version-history":[{"count":3,"href":"https:\/\/strokeforening.se\/index.php?rest_route=\/wp\/v2\/pages\/12\/revisions"}],"predecessor-version":[{"id":47,"href":"https:\/\/strokeforening.se\/index.php?rest_route=\/wp\/v2\/pages\/12\/revisions\/47"}],"wp:attachment":[{"href":"https:\/\/strokeforening.se\/index.php?rest_route=%2Fwp%2Fv2%2Fmedia&parent=12"}],"curies":[{"name":"wp","href":"https:\/\/api.w.org\/{rel}","templated":true}]}}